{"id":576,"date":"2019-06-07T15:50:44","date_gmt":"2019-06-07T18:50:44","guid":{"rendered":"http:\/\/propulsaodental.com.br\/site\/?page_id=576"},"modified":"2025-12-02T21:03:01","modified_gmt":"2025-12-03T00:03:01","slug":"umuarama","status":"publish","type":"page","link":"https:\/\/propulsaodental.com.br\/site\/onde-encontrar\/umuarama\/","title":{"rendered":"Umuarama"},"content":{"rendered":"\t\t<div data-elementor-type=\"wp-page\" data-elementor-id=\"576\" class=\"elementor elementor-576\">\n\t\t\t\t\t\t<section class=\"elementor-section elementor-top-section elementor-element elementor-element-1068a66 elementor-section-boxed elementor-section-height-default elementor-section-height-default wpr-particle-no wpr-jarallax-no wpr-parallax-no wpr-sticky-section-no\" data-id=\"1068a66\" data-element_type=\"section\" data-e-type=\"section\">\n\t\t\t\t\t\t<div class=\"elementor-container elementor-column-gap-default\">\n\t\t\t\t\t<div class=\"elementor-column elementor-col-25 elementor-top-column elementor-element elementor-element-85f1272\" data-id=\"85f1272\" data-element_type=\"column\" data-e-type=\"column\">\n\t\t\t<div class=\"elementor-widget-wrap\">\n\t\t\t\t\t\t\t<\/div>\n\t\t<\/div>\n\t\t\t\t<div class=\"elementor-column elementor-col-50 elementor-top-column elementor-element elementor-element-abd85a4\" data-id=\"abd85a4\" data-element_type=\"column\" data-e-type=\"column\">\n\t\t\t<div class=\"elementor-widget-wrap elementor-element-populated\">\n\t\t\t\t\t\t<div class=\"elementor-element elementor-element-11fd303a elementor-widget elementor-widget-heading\" data-id=\"11fd303a\" data-element_type=\"widget\" data-e-type=\"widget\" data-widget_type=\"heading.default\">\n\t\t\t\t\t<h2 class=\"elementor-heading-title elementor-size-default\">REDES CREDENCIADAS \/ UMUARAMA<\/h2>\t\t\t\t<\/div>\n\t\t\t\t<div class=\"elementor-element elementor-element-55bf7ab2 elementor-widget elementor-widget-text-editor\" data-id=\"55bf7ab2\" data-element_type=\"widget\" data-e-type=\"widget\" data-widget_type=\"text-editor.default\">\n\t\t\t\t\t\t\t\t\t<p><img fetchpriority=\"high\" decoding=\"async\" class=\"alignnone wp-image-764 size-full\" src=\"https:\/\/propulsaodental.com.br\/site\/wp-content\/uploads\/2019\/06\/Aryane_Hayala.jpg\" alt=\"ARYANE HAYALA\" width=\"1600\" height=\"900\" srcset=\"https:\/\/propulsaodental.com.br\/site\/wp-content\/uploads\/2019\/06\/Aryane_Hayala.jpg 1600w, https:\/\/propulsaodental.com.br\/site\/wp-content\/uploads\/2019\/06\/Aryane_Hayala-300x169.jpg 300w, https:\/\/propulsaodental.com.br\/site\/wp-content\/uploads\/2019\/06\/Aryane_Hayala-768x432.jpg 768w, https:\/\/propulsaodental.com.br\/site\/wp-content\/uploads\/2019\/06\/Aryane_Hayala-1024x576.jpg 1024w, https:\/\/propulsaodental.com.br\/site\/wp-content\/uploads\/2019\/06\/Aryane_Hayala-1080x608.jpg 1080w\" sizes=\"(max-width: 1600px) 100vw, 1600px\" \/><\/p><p><span style=\"font-weight: 400; color: #ff0000;\">ARYANE HAYALA TAVARES GAIARINI<\/span><\/p><h5><span style=\"font-weight: 400;\">(44) 3055 2050 \/ (44) 3055 2050<\/span><\/h5><p><span style=\"font-weight: 400;\">AV RIO DE JANEIRO , 4339 &#8211; CENTRO &#8211; UMUARAMA<\/span><\/p><h6><span style=\"font-weight: 400;\">aryane_giarini@hotmail.com<\/span><\/h6><p>Profissionais:<\/p><p>Aryane Hayala Tavares Gaiarini &#8211; Cl\u00ednico Geral, Periodontia, Odontopediatria<\/p><h4>\u00a0<\/h4><p><img decoding=\"async\" class=\"alignnone wp-image-766 size-full\" src=\"https:\/\/propulsaodental.com.br\/site\/wp-content\/uploads\/2019\/06\/Imagem_X.jpg\" alt=\"\" width=\"1280\" height=\"960\" srcset=\"https:\/\/propulsaodental.com.br\/site\/wp-content\/uploads\/2019\/06\/Imagem_X.jpg 1280w, https:\/\/propulsaodental.com.br\/site\/wp-content\/uploads\/2019\/06\/Imagem_X-300x225.jpg 300w, https:\/\/propulsaodental.com.br\/site\/wp-content\/uploads\/2019\/06\/Imagem_X-768x576.jpg 768w, https:\/\/propulsaodental.com.br\/site\/wp-content\/uploads\/2019\/06\/Imagem_X-1024x768.jpg 1024w, https:\/\/propulsaodental.com.br\/site\/wp-content\/uploads\/2019\/06\/Imagem_X-510x382.jpg 510w, https:\/\/propulsaodental.com.br\/site\/wp-content\/uploads\/2019\/06\/Imagem_X-1080x810.jpg 1080w\" sizes=\"(max-width: 1280px) 100vw, 1280px\" \/><\/p><p><span style=\"font-weight: 400; color: #ff0000;\">IMAGEM X<\/span><\/p><h5><span style=\"font-weight: 400;\">(44) 3624-9284 \/ (44) 3624-9284<\/span><\/h5><p><span style=\"font-weight: 400;\">AV \u00c2NGELO MOREIRA DA FONSECA , 3412 &#8211; ZONA 1 &#8211; UMUARAMA<\/span><\/p><h6><span style=\"font-weight: 400;\">imagemumuarama@hotmail.com<\/span><\/h6><p>Profissionais:<\/p><p>Wagner Hino Barata Verdelho &#8211; Radiologia Odontol\u00f3gica<\/p><h4>\u00a0<\/h4><p><img decoding=\"async\" class=\"alignnone wp-image-767 size-full\" src=\"https:\/\/propulsaodental.com.br\/site\/wp-content\/uploads\/2019\/06\/Medcenter.jpg\" alt=\"MEDCENTER\" width=\"1600\" height=\"900\" srcset=\"https:\/\/propulsaodental.com.br\/site\/wp-content\/uploads\/2019\/06\/Medcenter.jpg 1600w, https:\/\/propulsaodental.com.br\/site\/wp-content\/uploads\/2019\/06\/Medcenter-300x169.jpg 300w, https:\/\/propulsaodental.com.br\/site\/wp-content\/uploads\/2019\/06\/Medcenter-768x432.jpg 768w, https:\/\/propulsaodental.com.br\/site\/wp-content\/uploads\/2019\/06\/Medcenter-1024x576.jpg 1024w, https:\/\/propulsaodental.com.br\/site\/wp-content\/uploads\/2019\/06\/Medcenter-1080x608.jpg 1080w\" sizes=\"(max-width: 1600px) 100vw, 1600px\" \/><\/p><p><span style=\"font-weight: 400; color: #ff0000;\">MEDCENTER<\/span><\/p><h5><span style=\"font-weight: 400;\">(44) 3055 3434 \/ (44) 3055 3434<\/span><\/h5><p><span style=\"font-weight: 400;\">AV ANGELO MOREIRA DA FONSECA , 3350 &#8211; ZONA 01 A &#8211; UMUARAMA<\/span><\/p><h6><span style=\"font-weight: 400;\">renatamendesreis@hotmail.com<\/span><\/h6><p>Profissionais:<\/p><p>Renata Mendes Reis &#8211; Cl\u00ednico Geral, Endodontista, Periodontia, Odontopediatria<\/p><h4>\u00a0<\/h4><p><img loading=\"lazy\" decoding=\"async\" class=\"alignnone wp-image-768 size-full\" src=\"https:\/\/propulsaodental.com.br\/site\/wp-content\/uploads\/2019\/06\/Senior_Odonto.png\" alt=\"SENIOR ODONTO\" width=\"590\" height=\"371\" srcset=\"https:\/\/propulsaodental.com.br\/site\/wp-content\/uploads\/2019\/06\/Senior_Odonto.png 590w, https:\/\/propulsaodental.com.br\/site\/wp-content\/uploads\/2019\/06\/Senior_Odonto-300x189.png 300w\" sizes=\"(max-width: 590px) 100vw, 590px\" \/><\/p><p><span style=\"font-weight: 400; color: #ff0000;\">SENIOR ODONTO<\/span><\/p><h5><span style=\"font-weight: 400;\">(44) 3623 2563 \/ (44) 9985-20402<\/span><\/h5><p><span style=\"font-weight: 400;\">RUA ARAPONGAS , 4607 &#8211; ZONA 2 &#8211; UMUARAMA<\/span><\/p><h6><span style=\"font-weight: 400;\">jv.turozi@outlook.com<\/span><\/h6><p>Profissionais:<\/p><p>Joao Vitor De Lima Turozi &#8211; Cl\u00ednico Geral, Endodontia, Cirurgia, Periodontia.<\/p><p>Gabriel Bertoncelo Santana &#8211; Cl\u00ednico Geral, Endodontista, Cirurgia, Odontopediatria<\/p><h4>\u00a0<\/h4><p><img loading=\"lazy\" decoding=\"async\" class=\"alignnone wp-image-769 size-full\" src=\"https:\/\/propulsaodental.com.br\/site\/wp-content\/uploads\/2019\/06\/Sthetic_Odonto.jpg\" alt=\"STHETIC ODONTO\" width=\"1280\" height=\"720\" srcset=\"https:\/\/propulsaodental.com.br\/site\/wp-content\/uploads\/2019\/06\/Sthetic_Odonto.jpg 1280w, https:\/\/propulsaodental.com.br\/site\/wp-content\/uploads\/2019\/06\/Sthetic_Odonto-300x169.jpg 300w, https:\/\/propulsaodental.com.br\/site\/wp-content\/uploads\/2019\/06\/Sthetic_Odonto-768x432.jpg 768w, https:\/\/propulsaodental.com.br\/site\/wp-content\/uploads\/2019\/06\/Sthetic_Odonto-1024x576.jpg 1024w, https:\/\/propulsaodental.com.br\/site\/wp-content\/uploads\/2019\/06\/Sthetic_Odonto-1080x608.jpg 1080w\" sizes=\"(max-width: 1280px) 100vw, 1280px\" \/><\/p><p><span style=\"font-weight: 400; color: #ff0000;\">UMUARAMA CL\u00cdNICA ODONTOL\u00d3GICA LTDA. ME<\/span><\/p><h5><span style=\"font-weight: 400;\">44 3038-2277 \/ 4499970-0840<\/span><\/h5><p>RUA PRA\u00c7A OSCAR THOMPSON FILHO, 3360 &#8211; ZONA 1-A &#8211; UMUARAMA<\/p><h6><span style=\"font-weight: 400;\">daia_choptian@hotmail.com<\/span><\/h6><p>Profissionais:<\/p><p>Daiane Fernanda Choptian &#8211; Clinico Geral, Cirurgia, Endodontia, Periodontia E Ortodontia<\/p><p>Admilson Luiz Rosa &#8211; Cirurgia<\/p><p>Ana Ligia Bertoni Bernardineli &#8211; Clinico Geral, Cirurgia, Endodontia, Periodontia<\/p>\t\t\t\t\t\t\t\t<\/div>\n\t\t\t\t\t<\/div>\n\t\t<\/div>\n\t\t\t\t<div class=\"elementor-column elementor-col-25 elementor-top-column elementor-element elementor-element-52b25c3\" data-id=\"52b25c3\" data-element_type=\"column\" data-e-type=\"column\">\n\t\t\t<div class=\"elementor-widget-wrap\">\n\t\t\t\t\t\t\t<\/div>\n\t\t<\/div>\n\t\t\t\t\t<\/div>\n\t\t<\/section>\n\t\t\t\t<\/div>\n\t\t","protected":false},"excerpt":{"rendered":"<p>REDES CREDENCIADAS \/ UMUARAMA ARYANE HAYALA TAVARES GAIARINI (44) 3055 2050 \/ (44) 3055 2050 AV RIO DE JANEIRO , 4339 &#8211; CENTRO &#8211; UMUARAMA aryane_giarini@hotmail.com Profissionais: Aryane Hayala Tavares Gaiarini &#8211; Cl\u00ednico Geral, Periodontia, Odontopediatria \u00a0 IMAGEM X (44) 3624-9284 \/ (44) 3624-9284 AV \u00c2NGELO MOREIRA DA FONSECA , 3412 &#8211; ZONA 1 &#8211; UMUARAMA imagemumuarama@hotmail.com Profissionais: Wagner Hino Barata Verdelho &#8211; Radiologia Odontol\u00f3gica \u00a0 MEDCENTER (44) 3055 3434 \/ (44) 3055 3434 AV ANGELO MOREIRA DA FONSECA , 3350 &#8211; ZONA 01 A &#8211; UMUARAMA renatamendesreis@hotmail.com Profissionais: Renata Mendes Reis &#8211; Cl\u00ednico Geral, Endodontista, Periodontia, Odontopediatria \u00a0 SENIOR ODONTO (44) 3623 2563 \/ (44) 9985-20402 RUA ARAPONGAS , 4607 &#8211; ZONA 2 &#8211; UMUARAMA jv.turozi@outlook.com Profissionais: Joao Vitor De Lima Turozi &#8211; Cl\u00ednico Geral, Endodontia, Cirurgia, Periodontia. Gabriel Bertoncelo Santana &#8211; Cl\u00ednico Geral, Endodontista, Cirurgia, Odontopediatria \u00a0 UMUARAMA CL\u00cdNICA ODONTOL\u00d3GICA LTDA. ME 44 3038-2277 \/ 4499970-0840 RUA PRA\u00c7A OSCAR THOMPSON FILHO, 3360 &#8211; ZONA 1-A &#8211; UMUARAMA daia_choptian@hotmail.com Profissionais: Daiane Fernanda Choptian &#8211; Clinico Geral, Cirurgia, Endodontia, Periodontia E Ortodontia Admilson Luiz Rosa &#8211; Cirurgia Ana Ligia Bertoni Bernardineli &#8211; Clinico Geral, Cirurgia, Endodontia, Periodontia<\/p>\n","protected":false},"author":1,"featured_media":0,"parent":375,"menu_order":0,"comment_status":"closed","ping_status":"closed","template":"","meta":{"_acf_changed":false,"footnotes":""},"class_list":["post-576","page","type-page","status-publish","hentry"],"acf":[],"yoast_head":"<!-- This site is optimized with the Yoast SEO plugin v27.3 - https:\/\/yoast.com\/product\/yoast-seo-wordpress\/ -->\n<title>Umuarama - Propuls\u00e3o Dental<\/title>\n<meta name=\"robots\" content=\"index, follow, max-snippet:-1, max-image-preview:large, max-video-preview:-1\" \/>\n<link rel=\"canonical\" href=\"https:\/\/propulsaodental.com.br\/site\/onde-encontrar\/umuarama\/\" \/>\n<meta property=\"og:locale\" content=\"pt_BR\" \/>\n<meta property=\"og:type\" content=\"article\" \/>\n<meta property=\"og:title\" content=\"Umuarama - Propuls\u00e3o Dental\" \/>\n<meta property=\"og:description\" content=\"REDES CREDENCIADAS \/ UMUARAMA ARYANE HAYALA TAVARES GAIARINI (44) 3055 2050 \/ (44) 3055 2050 AV RIO DE JANEIRO , 4339 &#8211; CENTRO &#8211; UMUARAMA aryane_giarini@hotmail.com Profissionais: Aryane Hayala Tavares Gaiarini &#8211; Cl\u00ednico Geral, Periodontia, Odontopediatria \u00a0 IMAGEM X (44) 3624-9284 \/ (44) 3624-9284 AV \u00c2NGELO MOREIRA DA FONSECA , 3412 &#8211; ZONA 1 &#8211; UMUARAMA imagemumuarama@hotmail.com Profissionais: Wagner Hino Barata Verdelho &#8211; Radiologia Odontol\u00f3gica \u00a0 MEDCENTER (44) 3055 3434 \/ (44) 3055 3434 AV ANGELO MOREIRA DA FONSECA , 3350 &#8211; ZONA 01 A &#8211; UMUARAMA renatamendesreis@hotmail.com Profissionais: Renata Mendes Reis &#8211; Cl\u00ednico Geral, Endodontista, Periodontia, Odontopediatria \u00a0 SENIOR ODONTO (44) 3623 2563 \/ (44) 9985-20402 RUA ARAPONGAS , 4607 &#8211; ZONA 2 &#8211; UMUARAMA jv.turozi@outlook.com Profissionais: Joao Vitor De Lima Turozi &#8211; Cl\u00ednico Geral, Endodontia, Cirurgia, Periodontia. Gabriel Bertoncelo Santana &#8211; Cl\u00ednico Geral, Endodontista, Cirurgia, Odontopediatria \u00a0 UMUARAMA CL\u00cdNICA ODONTOL\u00d3GICA LTDA. ME 44 3038-2277 \/ 4499970-0840 RUA PRA\u00c7A OSCAR THOMPSON FILHO, 3360 &#8211; ZONA 1-A &#8211; UMUARAMA daia_choptian@hotmail.com Profissionais: Daiane Fernanda Choptian &#8211; Clinico Geral, Cirurgia, Endodontia, Periodontia E Ortodontia Admilson Luiz Rosa &#8211; Cirurgia Ana Ligia Bertoni Bernardineli &#8211; Clinico Geral, Cirurgia, Endodontia, Periodontia\" \/>\n<meta property=\"og:url\" content=\"https:\/\/propulsaodental.com.br\/site\/onde-encontrar\/umuarama\/\" \/>\n<meta property=\"og:site_name\" content=\"Propuls\u00e3o Dental\" \/>\n<meta property=\"article:publisher\" content=\"https:\/\/www.facebook.com\/propulsaodental\" \/>\n<meta property=\"article:modified_time\" content=\"2025-12-03T00:03:01+00:00\" \/>\n<meta property=\"og:image\" content=\"https:\/\/propulsaodental.com.br\/site\/wp-content\/uploads\/2019\/06\/Aryane_Hayala.jpg\" \/>\n\t<meta property=\"og:image:width\" content=\"1600\" \/>\n\t<meta property=\"og:image:height\" content=\"900\" \/>\n\t<meta property=\"og:image:type\" content=\"image\/jpeg\" \/>\n<meta name=\"twitter:card\" content=\"summary_large_image\" \/>\n<meta name=\"twitter:label1\" content=\"Est. tempo de leitura\" \/>\n\t<meta name=\"twitter:data1\" content=\"2 minutos\" \/>\n<script type=\"application\/ld+json\" class=\"yoast-schema-graph\">{\"@context\":\"https:\\\/\\\/schema.org\",\"@graph\":[{\"@type\":\"WebPage\",\"@id\":\"https:\\\/\\\/propulsaodental.com.br\\\/site\\\/onde-encontrar\\\/umuarama\\\/\",\"url\":\"https:\\\/\\\/propulsaodental.com.br\\\/site\\\/onde-encontrar\\\/umuarama\\\/\",\"name\":\"Umuarama - Propuls\u00e3o Dental\",\"isPartOf\":{\"@id\":\"https:\\\/\\\/propulsaodental.com.br\\\/site\\\/#website\"},\"primaryImageOfPage\":{\"@id\":\"https:\\\/\\\/propulsaodental.com.br\\\/site\\\/onde-encontrar\\\/umuarama\\\/#primaryimage\"},\"image\":{\"@id\":\"https:\\\/\\\/propulsaodental.com.br\\\/site\\\/onde-encontrar\\\/umuarama\\\/#primaryimage\"},\"thumbnailUrl\":\"https:\\\/\\\/propulsaodental.com.br\\\/site\\\/wp-content\\\/uploads\\\/2019\\\/06\\\/Aryane_Hayala.jpg\",\"datePublished\":\"2019-06-07T18:50:44+00:00\",\"dateModified\":\"2025-12-03T00:03:01+00:00\",\"breadcrumb\":{\"@id\":\"https:\\\/\\\/propulsaodental.com.br\\\/site\\\/onde-encontrar\\\/umuarama\\\/#breadcrumb\"},\"inLanguage\":\"pt-BR\",\"potentialAction\":[{\"@type\":\"ReadAction\",\"target\":[\"https:\\\/\\\/propulsaodental.com.br\\\/site\\\/onde-encontrar\\\/umuarama\\\/\"]}]},{\"@type\":\"ImageObject\",\"inLanguage\":\"pt-BR\",\"@id\":\"https:\\\/\\\/propulsaodental.com.br\\\/site\\\/onde-encontrar\\\/umuarama\\\/#primaryimage\",\"url\":\"https:\\\/\\\/propulsaodental.com.br\\\/site\\\/wp-content\\\/uploads\\\/2019\\\/06\\\/Aryane_Hayala.jpg\",\"contentUrl\":\"https:\\\/\\\/propulsaodental.com.br\\\/site\\\/wp-content\\\/uploads\\\/2019\\\/06\\\/Aryane_Hayala.jpg\",\"width\":1600,\"height\":900,\"caption\":\"ARYANE HAYALA\"},{\"@type\":\"BreadcrumbList\",\"@id\":\"https:\\\/\\\/propulsaodental.com.br\\\/site\\\/onde-encontrar\\\/umuarama\\\/#breadcrumb\",\"itemListElement\":[{\"@type\":\"ListItem\",\"position\":1,\"name\":\"In\u00edcio\",\"item\":\"https:\\\/\\\/propulsaodental.com.br\\\/site\\\/\"},{\"@type\":\"ListItem\",\"position\":2,\"name\":\"Onde encontrar\",\"item\":\"https:\\\/\\\/propulsaodental.com.br\\\/site\\\/onde-encontrar\\\/\"},{\"@type\":\"ListItem\",\"position\":3,\"name\":\"Umuarama\"}]},{\"@type\":\"WebSite\",\"@id\":\"https:\\\/\\\/propulsaodental.com.br\\\/site\\\/#website\",\"url\":\"https:\\\/\\\/propulsaodental.com.br\\\/site\\\/\",\"name\":\"Propuls\u00e3o Dental\",\"description\":\"A Propuls\u00e3o Dental tem como prioridade a seguran\u00e7a aliada a tecnologia e inova\u00e7\u00e3o fazendo assim com que voc\u00ea possa sair daqui sorrindo.\",\"publisher\":{\"@id\":\"https:\\\/\\\/propulsaodental.com.br\\\/site\\\/#organization\"},\"alternateName\":\"Propuls\u00e3o Dental\",\"potentialAction\":[{\"@type\":\"SearchAction\",\"target\":{\"@type\":\"EntryPoint\",\"urlTemplate\":\"https:\\\/\\\/propulsaodental.com.br\\\/site\\\/?s={search_term_string}\"},\"query-input\":{\"@type\":\"PropertyValueSpecification\",\"valueRequired\":true,\"valueName\":\"search_term_string\"}}],\"inLanguage\":\"pt-BR\"},{\"@type\":\"Organization\",\"@id\":\"https:\\\/\\\/propulsaodental.com.br\\\/site\\\/#organization\",\"name\":\"Propuls\u00e3o Dental\",\"alternateName\":\"Propuls\u00e3o Dental - Nosso plano \u00e9 fazer voc\u00ea sorrir\",\"url\":\"https:\\\/\\\/propulsaodental.com.br\\\/site\\\/\",\"logo\":{\"@type\":\"ImageObject\",\"inLanguage\":\"pt-BR\",\"@id\":\"https:\\\/\\\/propulsaodental.com.br\\\/site\\\/#\\\/schema\\\/logo\\\/image\\\/\",\"url\":\"https:\\\/\\\/propulsaodental.com.br\\\/site\\\/wp-content\\\/uploads\\\/2025\\\/11\\\/logopropulsaodental25.webp\",\"contentUrl\":\"https:\\\/\\\/propulsaodental.com.br\\\/site\\\/wp-content\\\/uploads\\\/2025\\\/11\\\/logopropulsaodental25.webp\",\"width\":800,\"height\":800,\"caption\":\"Propuls\u00e3o Dental\"},\"image\":{\"@id\":\"https:\\\/\\\/propulsaodental.com.br\\\/site\\\/#\\\/schema\\\/logo\\\/image\\\/\"},\"sameAs\":[\"https:\\\/\\\/www.facebook.com\\\/propulsaodental\",\"https:\\\/\\\/www.tiktok.com\\\/@propulsaodentaloficial\",\"https:\\\/\\\/www.instagram.com\\\/propulsaodental\"]}]}<\/script>\n<!-- \/ Yoast SEO plugin. -->","yoast_head_json":{"title":"Umuarama - Propuls\u00e3o Dental","robots":{"index":"index","follow":"follow","max-snippet":"max-snippet:-1","max-image-preview":"max-image-preview:large","max-video-preview":"max-video-preview:-1"},"canonical":"https:\/\/propulsaodental.com.br\/site\/onde-encontrar\/umuarama\/","og_locale":"pt_BR","og_type":"article","og_title":"Umuarama - Propuls\u00e3o Dental","og_description":"REDES CREDENCIADAS \/ UMUARAMA ARYANE HAYALA TAVARES GAIARINI (44) 3055 2050 \/ (44) 3055 2050 AV RIO DE JANEIRO , 4339 &#8211; CENTRO &#8211; UMUARAMA aryane_giarini@hotmail.com Profissionais: Aryane Hayala Tavares Gaiarini &#8211; Cl\u00ednico Geral, Periodontia, Odontopediatria \u00a0 IMAGEM X (44) 3624-9284 \/ (44) 3624-9284 AV \u00c2NGELO MOREIRA DA FONSECA , 3412 &#8211; ZONA 1 &#8211; UMUARAMA imagemumuarama@hotmail.com Profissionais: Wagner Hino Barata Verdelho &#8211; Radiologia Odontol\u00f3gica \u00a0 MEDCENTER (44) 3055 3434 \/ (44) 3055 3434 AV ANGELO MOREIRA DA FONSECA , 3350 &#8211; ZONA 01 A &#8211; UMUARAMA renatamendesreis@hotmail.com Profissionais: Renata Mendes Reis &#8211; Cl\u00ednico Geral, Endodontista, Periodontia, Odontopediatria \u00a0 SENIOR ODONTO (44) 3623 2563 \/ (44) 9985-20402 RUA ARAPONGAS , 4607 &#8211; ZONA 2 &#8211; UMUARAMA jv.turozi@outlook.com Profissionais: Joao Vitor De Lima Turozi &#8211; Cl\u00ednico Geral, Endodontia, Cirurgia, Periodontia. Gabriel Bertoncelo Santana &#8211; Cl\u00ednico Geral, Endodontista, Cirurgia, Odontopediatria \u00a0 UMUARAMA CL\u00cdNICA ODONTOL\u00d3GICA LTDA. ME 44 3038-2277 \/ 4499970-0840 RUA PRA\u00c7A OSCAR THOMPSON FILHO, 3360 &#8211; ZONA 1-A &#8211; UMUARAMA daia_choptian@hotmail.com Profissionais: Daiane Fernanda Choptian &#8211; Clinico Geral, Cirurgia, Endodontia, Periodontia E Ortodontia Admilson Luiz Rosa &#8211; Cirurgia Ana Ligia Bertoni Bernardineli &#8211; Clinico Geral, Cirurgia, Endodontia, Periodontia","og_url":"https:\/\/propulsaodental.com.br\/site\/onde-encontrar\/umuarama\/","og_site_name":"Propuls\u00e3o Dental","article_publisher":"https:\/\/www.facebook.com\/propulsaodental","article_modified_time":"2025-12-03T00:03:01+00:00","og_image":[{"width":1600,"height":900,"url":"https:\/\/propulsaodental.com.br\/site\/wp-content\/uploads\/2019\/06\/Aryane_Hayala.jpg","type":"image\/jpeg"}],"twitter_card":"summary_large_image","twitter_misc":{"Est. tempo de leitura":"2 minutos"},"schema":{"@context":"https:\/\/schema.org","@graph":[{"@type":"WebPage","@id":"https:\/\/propulsaodental.com.br\/site\/onde-encontrar\/umuarama\/","url":"https:\/\/propulsaodental.com.br\/site\/onde-encontrar\/umuarama\/","name":"Umuarama - Propuls\u00e3o Dental","isPartOf":{"@id":"https:\/\/propulsaodental.com.br\/site\/#website"},"primaryImageOfPage":{"@id":"https:\/\/propulsaodental.com.br\/site\/onde-encontrar\/umuarama\/#primaryimage"},"image":{"@id":"https:\/\/propulsaodental.com.br\/site\/onde-encontrar\/umuarama\/#primaryimage"},"thumbnailUrl":"https:\/\/propulsaodental.com.br\/site\/wp-content\/uploads\/2019\/06\/Aryane_Hayala.jpg","datePublished":"2019-06-07T18:50:44+00:00","dateModified":"2025-12-03T00:03:01+00:00","breadcrumb":{"@id":"https:\/\/propulsaodental.com.br\/site\/onde-encontrar\/umuarama\/#breadcrumb"},"inLanguage":"pt-BR","potentialAction":[{"@type":"ReadAction","target":["https:\/\/propulsaodental.com.br\/site\/onde-encontrar\/umuarama\/"]}]},{"@type":"ImageObject","inLanguage":"pt-BR","@id":"https:\/\/propulsaodental.com.br\/site\/onde-encontrar\/umuarama\/#primaryimage","url":"https:\/\/propulsaodental.com.br\/site\/wp-content\/uploads\/2019\/06\/Aryane_Hayala.jpg","contentUrl":"https:\/\/propulsaodental.com.br\/site\/wp-content\/uploads\/2019\/06\/Aryane_Hayala.jpg","width":1600,"height":900,"caption":"ARYANE HAYALA"},{"@type":"BreadcrumbList","@id":"https:\/\/propulsaodental.com.br\/site\/onde-encontrar\/umuarama\/#breadcrumb","itemListElement":[{"@type":"ListItem","position":1,"name":"In\u00edcio","item":"https:\/\/propulsaodental.com.br\/site\/"},{"@type":"ListItem","position":2,"name":"Onde encontrar","item":"https:\/\/propulsaodental.com.br\/site\/onde-encontrar\/"},{"@type":"ListItem","position":3,"name":"Umuarama"}]},{"@type":"WebSite","@id":"https:\/\/propulsaodental.com.br\/site\/#website","url":"https:\/\/propulsaodental.com.br\/site\/","name":"Propuls\u00e3o Dental","description":"A Propuls\u00e3o Dental tem como prioridade a seguran\u00e7a aliada a tecnologia e inova\u00e7\u00e3o fazendo assim com que voc\u00ea possa sair daqui sorrindo.","publisher":{"@id":"https:\/\/propulsaodental.com.br\/site\/#organization"},"alternateName":"Propuls\u00e3o Dental","potentialAction":[{"@type":"SearchAction","target":{"@type":"EntryPoint","urlTemplate":"https:\/\/propulsaodental.com.br\/site\/?s={search_term_string}"},"query-input":{"@type":"PropertyValueSpecification","valueRequired":true,"valueName":"search_term_string"}}],"inLanguage":"pt-BR"},{"@type":"Organization","@id":"https:\/\/propulsaodental.com.br\/site\/#organization","name":"Propuls\u00e3o Dental","alternateName":"Propuls\u00e3o Dental - Nosso plano \u00e9 fazer voc\u00ea sorrir","url":"https:\/\/propulsaodental.com.br\/site\/","logo":{"@type":"ImageObject","inLanguage":"pt-BR","@id":"https:\/\/propulsaodental.com.br\/site\/#\/schema\/logo\/image\/","url":"https:\/\/propulsaodental.com.br\/site\/wp-content\/uploads\/2025\/11\/logopropulsaodental25.webp","contentUrl":"https:\/\/propulsaodental.com.br\/site\/wp-content\/uploads\/2025\/11\/logopropulsaodental25.webp","width":800,"height":800,"caption":"Propuls\u00e3o Dental"},"image":{"@id":"https:\/\/propulsaodental.com.br\/site\/#\/schema\/logo\/image\/"},"sameAs":["https:\/\/www.facebook.com\/propulsaodental","https:\/\/www.tiktok.com\/@propulsaodentaloficial","https:\/\/www.instagram.com\/propulsaodental"]}]}},"_links":{"self":[{"href":"https:\/\/propulsaodental.com.br\/site\/wp-json\/wp\/v2\/pages\/576","targetHints":{"allow":["GET"]}}],"collection":[{"href":"https:\/\/propulsaodental.com.br\/site\/wp-json\/wp\/v2\/pages"}],"about":[{"href":"https:\/\/propulsaodental.com.br\/site\/wp-json\/wp\/v2\/types\/page"}],"author":[{"embeddable":true,"href":"https:\/\/propulsaodental.com.br\/site\/wp-json\/wp\/v2\/users\/1"}],"replies":[{"embeddable":true,"href":"https:\/\/propulsaodental.com.br\/site\/wp-json\/wp\/v2\/comments?post=576"}],"version-history":[{"count":10,"href":"https:\/\/propulsaodental.com.br\/site\/wp-json\/wp\/v2\/pages\/576\/revisions"}],"predecessor-version":[{"id":3495,"href":"https:\/\/propulsaodental.com.br\/site\/wp-json\/wp\/v2\/pages\/576\/revisions\/3495"}],"up":[{"embeddable":true,"href":"https:\/\/propulsaodental.com.br\/site\/wp-json\/wp\/v2\/pages\/375"}],"wp:attachment":[{"href":"https:\/\/propulsaodental.com.br\/site\/wp-json\/wp\/v2\/media?parent=576"}],"curies":[{"name":"wp","href":"https:\/\/api.w.org\/{rel}","templated":true}]}}