{"id":571,"date":"2019-06-07T15:49:13","date_gmt":"2019-06-07T18:49:13","guid":{"rendered":"http:\/\/propulsaodental.com.br\/site\/?page_id=571"},"modified":"2025-12-02T19:58:55","modified_gmt":"2025-12-02T22:58:55","slug":"tijucas-do-sul","status":"publish","type":"page","link":"https:\/\/propulsaodental.com.br\/site\/onde-encontrar\/tijucas-do-sul\/","title":{"rendered":"Tijucas do Sul"},"content":{"rendered":"\t\t<div data-elementor-type=\"wp-page\" data-elementor-id=\"571\" class=\"elementor elementor-571\">\n\t\t\t\t\t\t<section class=\"elementor-section elementor-top-section elementor-element elementor-element-11147cb elementor-section-boxed elementor-section-height-default elementor-section-height-default wpr-particle-no wpr-jarallax-no wpr-parallax-no wpr-sticky-section-no\" data-id=\"11147cb\" data-element_type=\"section\" data-e-type=\"section\">\n\t\t\t\t\t\t<div class=\"elementor-container elementor-column-gap-default\">\n\t\t\t\t\t<div class=\"elementor-column elementor-col-25 elementor-top-column elementor-element elementor-element-91a4e7c\" data-id=\"91a4e7c\" data-element_type=\"column\" data-e-type=\"column\">\n\t\t\t<div class=\"elementor-widget-wrap\">\n\t\t\t\t\t\t\t<\/div>\n\t\t<\/div>\n\t\t\t\t<div class=\"elementor-column elementor-col-50 elementor-top-column elementor-element elementor-element-723e94f\" data-id=\"723e94f\" data-element_type=\"column\" data-e-type=\"column\">\n\t\t\t<div class=\"elementor-widget-wrap elementor-element-populated\">\n\t\t\t\t\t\t<div class=\"elementor-element elementor-element-5530b08f elementor-widget elementor-widget-heading\" data-id=\"5530b08f\" data-element_type=\"widget\" data-e-type=\"widget\" data-widget_type=\"heading.default\">\n\t\t\t\t\t<h2 class=\"elementor-heading-title elementor-size-default\">REDES CREDENCIADAS \/ TIJUCAS DO SUL<\/h2>\t\t\t\t<\/div>\n\t\t\t\t<div class=\"elementor-element elementor-element-3144a17c elementor-widget elementor-widget-text-editor\" data-id=\"3144a17c\" data-element_type=\"widget\" data-e-type=\"widget\" data-widget_type=\"text-editor.default\">\n\t\t\t\t\t\t\t\t\t<p><img fetchpriority=\"high\" decoding=\"async\" class=\"alignnone wp-image-761 size-full\" src=\"https:\/\/propulsaodental.com.br\/site\/wp-content\/uploads\/2019\/06\/Pop_Dente.jpg\" alt=\"POP DENTE\" width=\"1600\" height=\"900\" srcset=\"https:\/\/propulsaodental.com.br\/site\/wp-content\/uploads\/2019\/06\/Pop_Dente.jpg 1600w, https:\/\/propulsaodental.com.br\/site\/wp-content\/uploads\/2019\/06\/Pop_Dente-300x169.jpg 300w, https:\/\/propulsaodental.com.br\/site\/wp-content\/uploads\/2019\/06\/Pop_Dente-768x432.jpg 768w, https:\/\/propulsaodental.com.br\/site\/wp-content\/uploads\/2019\/06\/Pop_Dente-1024x576.jpg 1024w, https:\/\/propulsaodental.com.br\/site\/wp-content\/uploads\/2019\/06\/Pop_Dente-1080x608.jpg 1080w\" sizes=\"(max-width: 1600px) 100vw, 1600px\" \/><\/p><p><span style=\"font-weight: 400; color: #ff0000;\">VIVIANE NAGATA<\/span><\/p><h5><span style=\"font-weight: 400;\">(41) 3629 1528 \/ (41) 3629 1528<\/span><\/h5><p><span style=\"font-weight: 400;\">RUA MIGUEL MAOSKI , 182 &#8211; CENTRO &#8211; TIJUCAS DO SUL<\/span><\/p><h6><span style=\"font-weight: 400;\">usa.vanessa@hotmail.com<\/span><\/h6><p>\u00a0<\/p>\t\t\t\t\t\t\t\t<\/div>\n\t\t\t\t\t<\/div>\n\t\t<\/div>\n\t\t\t\t<div class=\"elementor-column elementor-col-25 elementor-top-column elementor-element elementor-element-7a5527a\" data-id=\"7a5527a\" data-element_type=\"column\" data-e-type=\"column\">\n\t\t\t<div class=\"elementor-widget-wrap\">\n\t\t\t\t\t\t\t<\/div>\n\t\t<\/div>\n\t\t\t\t\t<\/div>\n\t\t<\/section>\n\t\t\t\t<section class=\"elementor-section elementor-top-section elementor-element elementor-element-3d6c66a7 elementor-section-boxed elementor-section-height-default elementor-section-height-default wpr-particle-no wpr-jarallax-no wpr-parallax-no wpr-sticky-section-no\" data-id=\"3d6c66a7\" data-element_type=\"section\" data-e-type=\"section\">\n\t\t\t\t\t\t<div class=\"elementor-container elementor-column-gap-default\">\n\t\t\t\t\t<div class=\"elementor-column elementor-col-50 elementor-top-column elementor-element elementor-element-6e4edf12\" data-id=\"6e4edf12\" data-element_type=\"column\" data-e-type=\"column\">\n\t\t\t<div class=\"elementor-widget-wrap\">\n\t\t\t\t\t\t\t<\/div>\n\t\t<\/div>\n\t\t\t\t<div class=\"elementor-column elementor-col-50 elementor-top-column elementor-element elementor-element-7f55074d\" data-id=\"7f55074d\" data-element_type=\"column\" data-e-type=\"column\">\n\t\t\t<div class=\"elementor-widget-wrap\">\n\t\t\t\t\t\t\t<\/div>\n\t\t<\/div>\n\t\t\t\t\t<\/div>\n\t\t<\/section>\n\t\t\t\t<\/div>\n\t\t","protected":false},"excerpt":{"rendered":"<p>REDES CREDENCIADAS \/ TIJUCAS DO SUL VIVIANE NAGATA (41) 3629 1528 \/ (41) 3629 1528 RUA MIGUEL MAOSKI , 182 &#8211; CENTRO &#8211; TIJUCAS DO SUL usa.vanessa@hotmail.com \u00a0<\/p>\n","protected":false},"author":1,"featured_media":0,"parent":375,"menu_order":0,"comment_status":"closed","ping_status":"closed","template":"","meta":{"_acf_changed":false,"footnotes":""},"class_list":["post-571","page","type-page","status-publish","hentry"],"acf":[],"yoast_head":"<!-- This site is optimized with the Yoast SEO plugin v27.3 - https:\/\/yoast.com\/product\/yoast-seo-wordpress\/ -->\n<title>Tijucas do Sul - Propuls\u00e3o Dental<\/title>\n<meta name=\"robots\" content=\"index, follow, max-snippet:-1, max-image-preview:large, max-video-preview:-1\" \/>\n<link rel=\"canonical\" href=\"https:\/\/propulsaodental.com.br\/site\/onde-encontrar\/tijucas-do-sul\/\" \/>\n<meta property=\"og:locale\" content=\"pt_BR\" \/>\n<meta property=\"og:type\" content=\"article\" \/>\n<meta property=\"og:title\" content=\"Tijucas do Sul - Propuls\u00e3o Dental\" \/>\n<meta property=\"og:description\" content=\"REDES CREDENCIADAS \/ TIJUCAS DO SUL VIVIANE NAGATA (41) 3629 1528 \/ (41) 3629 1528 RUA MIGUEL MAOSKI , 182 &#8211; CENTRO &#8211; TIJUCAS DO SUL usa.vanessa@hotmail.com \u00a0\" \/>\n<meta property=\"og:url\" content=\"https:\/\/propulsaodental.com.br\/site\/onde-encontrar\/tijucas-do-sul\/\" \/>\n<meta property=\"og:site_name\" content=\"Propuls\u00e3o Dental\" \/>\n<meta property=\"article:publisher\" content=\"https:\/\/www.facebook.com\/propulsaodental\" \/>\n<meta property=\"article:modified_time\" content=\"2025-12-02T22:58:55+00:00\" \/>\n<meta property=\"og:image\" content=\"https:\/\/propulsaodental.com.br\/site\/wp-content\/uploads\/2019\/06\/Pop_Dente.jpg\" \/>\n\t<meta property=\"og:image:width\" content=\"1600\" \/>\n\t<meta property=\"og:image:height\" content=\"900\" \/>\n\t<meta property=\"og:image:type\" content=\"image\/jpeg\" \/>\n<meta name=\"twitter:card\" content=\"summary_large_image\" \/>\n<meta name=\"twitter:label1\" content=\"Est. tempo de leitura\" \/>\n\t<meta name=\"twitter:data1\" content=\"1 minuto\" \/>\n<script type=\"application\/ld+json\" class=\"yoast-schema-graph\">{\"@context\":\"https:\\\/\\\/schema.org\",\"@graph\":[{\"@type\":\"WebPage\",\"@id\":\"https:\\\/\\\/propulsaodental.com.br\\\/site\\\/onde-encontrar\\\/tijucas-do-sul\\\/\",\"url\":\"https:\\\/\\\/propulsaodental.com.br\\\/site\\\/onde-encontrar\\\/tijucas-do-sul\\\/\",\"name\":\"Tijucas do Sul - Propuls\u00e3o Dental\",\"isPartOf\":{\"@id\":\"https:\\\/\\\/propulsaodental.com.br\\\/site\\\/#website\"},\"primaryImageOfPage\":{\"@id\":\"https:\\\/\\\/propulsaodental.com.br\\\/site\\\/onde-encontrar\\\/tijucas-do-sul\\\/#primaryimage\"},\"image\":{\"@id\":\"https:\\\/\\\/propulsaodental.com.br\\\/site\\\/onde-encontrar\\\/tijucas-do-sul\\\/#primaryimage\"},\"thumbnailUrl\":\"https:\\\/\\\/propulsaodental.com.br\\\/site\\\/wp-content\\\/uploads\\\/2019\\\/06\\\/Pop_Dente.jpg\",\"datePublished\":\"2019-06-07T18:49:13+00:00\",\"dateModified\":\"2025-12-02T22:58:55+00:00\",\"breadcrumb\":{\"@id\":\"https:\\\/\\\/propulsaodental.com.br\\\/site\\\/onde-encontrar\\\/tijucas-do-sul\\\/#breadcrumb\"},\"inLanguage\":\"pt-BR\",\"potentialAction\":[{\"@type\":\"ReadAction\",\"target\":[\"https:\\\/\\\/propulsaodental.com.br\\\/site\\\/onde-encontrar\\\/tijucas-do-sul\\\/\"]}]},{\"@type\":\"ImageObject\",\"inLanguage\":\"pt-BR\",\"@id\":\"https:\\\/\\\/propulsaodental.com.br\\\/site\\\/onde-encontrar\\\/tijucas-do-sul\\\/#primaryimage\",\"url\":\"https:\\\/\\\/propulsaodental.com.br\\\/site\\\/wp-content\\\/uploads\\\/2019\\\/06\\\/Pop_Dente.jpg\",\"contentUrl\":\"https:\\\/\\\/propulsaodental.com.br\\\/site\\\/wp-content\\\/uploads\\\/2019\\\/06\\\/Pop_Dente.jpg\",\"width\":1600,\"height\":900,\"caption\":\"POP DENTE\"},{\"@type\":\"BreadcrumbList\",\"@id\":\"https:\\\/\\\/propulsaodental.com.br\\\/site\\\/onde-encontrar\\\/tijucas-do-sul\\\/#breadcrumb\",\"itemListElement\":[{\"@type\":\"ListItem\",\"position\":1,\"name\":\"In\u00edcio\",\"item\":\"https:\\\/\\\/propulsaodental.com.br\\\/site\\\/\"},{\"@type\":\"ListItem\",\"position\":2,\"name\":\"Onde encontrar\",\"item\":\"https:\\\/\\\/propulsaodental.com.br\\\/site\\\/onde-encontrar\\\/\"},{\"@type\":\"ListItem\",\"position\":3,\"name\":\"Tijucas do Sul\"}]},{\"@type\":\"WebSite\",\"@id\":\"https:\\\/\\\/propulsaodental.com.br\\\/site\\\/#website\",\"url\":\"https:\\\/\\\/propulsaodental.com.br\\\/site\\\/\",\"name\":\"Propuls\u00e3o Dental\",\"description\":\"A Propuls\u00e3o Dental tem como prioridade a seguran\u00e7a aliada a tecnologia e inova\u00e7\u00e3o fazendo assim com que voc\u00ea possa sair daqui sorrindo.\",\"publisher\":{\"@id\":\"https:\\\/\\\/propulsaodental.com.br\\\/site\\\/#organization\"},\"alternateName\":\"Propuls\u00e3o Dental\",\"potentialAction\":[{\"@type\":\"SearchAction\",\"target\":{\"@type\":\"EntryPoint\",\"urlTemplate\":\"https:\\\/\\\/propulsaodental.com.br\\\/site\\\/?s={search_term_string}\"},\"query-input\":{\"@type\":\"PropertyValueSpecification\",\"valueRequired\":true,\"valueName\":\"search_term_string\"}}],\"inLanguage\":\"pt-BR\"},{\"@type\":\"Organization\",\"@id\":\"https:\\\/\\\/propulsaodental.com.br\\\/site\\\/#organization\",\"name\":\"Propuls\u00e3o Dental\",\"alternateName\":\"Propuls\u00e3o Dental - Nosso plano \u00e9 fazer voc\u00ea sorrir\",\"url\":\"https:\\\/\\\/propulsaodental.com.br\\\/site\\\/\",\"logo\":{\"@type\":\"ImageObject\",\"inLanguage\":\"pt-BR\",\"@id\":\"https:\\\/\\\/propulsaodental.com.br\\\/site\\\/#\\\/schema\\\/logo\\\/image\\\/\",\"url\":\"https:\\\/\\\/propulsaodental.com.br\\\/site\\\/wp-content\\\/uploads\\\/2025\\\/11\\\/logopropulsaodental25.webp\",\"contentUrl\":\"https:\\\/\\\/propulsaodental.com.br\\\/site\\\/wp-content\\\/uploads\\\/2025\\\/11\\\/logopropulsaodental25.webp\",\"width\":800,\"height\":800,\"caption\":\"Propuls\u00e3o Dental\"},\"image\":{\"@id\":\"https:\\\/\\\/propulsaodental.com.br\\\/site\\\/#\\\/schema\\\/logo\\\/image\\\/\"},\"sameAs\":[\"https:\\\/\\\/www.facebook.com\\\/propulsaodental\",\"https:\\\/\\\/www.tiktok.com\\\/@propulsaodentaloficial\",\"https:\\\/\\\/www.instagram.com\\\/propulsaodental\"]}]}<\/script>\n<!-- \/ Yoast SEO plugin. -->","yoast_head_json":{"title":"Tijucas do Sul - Propuls\u00e3o Dental","robots":{"index":"index","follow":"follow","max-snippet":"max-snippet:-1","max-image-preview":"max-image-preview:large","max-video-preview":"max-video-preview:-1"},"canonical":"https:\/\/propulsaodental.com.br\/site\/onde-encontrar\/tijucas-do-sul\/","og_locale":"pt_BR","og_type":"article","og_title":"Tijucas do Sul - Propuls\u00e3o Dental","og_description":"REDES CREDENCIADAS \/ TIJUCAS DO SUL VIVIANE NAGATA (41) 3629 1528 \/ (41) 3629 1528 RUA MIGUEL MAOSKI , 182 &#8211; CENTRO &#8211; TIJUCAS DO SUL usa.vanessa@hotmail.com \u00a0","og_url":"https:\/\/propulsaodental.com.br\/site\/onde-encontrar\/tijucas-do-sul\/","og_site_name":"Propuls\u00e3o Dental","article_publisher":"https:\/\/www.facebook.com\/propulsaodental","article_modified_time":"2025-12-02T22:58:55+00:00","og_image":[{"width":1600,"height":900,"url":"https:\/\/propulsaodental.com.br\/site\/wp-content\/uploads\/2019\/06\/Pop_Dente.jpg","type":"image\/jpeg"}],"twitter_card":"summary_large_image","twitter_misc":{"Est. tempo de leitura":"1 minuto"},"schema":{"@context":"https:\/\/schema.org","@graph":[{"@type":"WebPage","@id":"https:\/\/propulsaodental.com.br\/site\/onde-encontrar\/tijucas-do-sul\/","url":"https:\/\/propulsaodental.com.br\/site\/onde-encontrar\/tijucas-do-sul\/","name":"Tijucas do Sul - Propuls\u00e3o Dental","isPartOf":{"@id":"https:\/\/propulsaodental.com.br\/site\/#website"},"primaryImageOfPage":{"@id":"https:\/\/propulsaodental.com.br\/site\/onde-encontrar\/tijucas-do-sul\/#primaryimage"},"image":{"@id":"https:\/\/propulsaodental.com.br\/site\/onde-encontrar\/tijucas-do-sul\/#primaryimage"},"thumbnailUrl":"https:\/\/propulsaodental.com.br\/site\/wp-content\/uploads\/2019\/06\/Pop_Dente.jpg","datePublished":"2019-06-07T18:49:13+00:00","dateModified":"2025-12-02T22:58:55+00:00","breadcrumb":{"@id":"https:\/\/propulsaodental.com.br\/site\/onde-encontrar\/tijucas-do-sul\/#breadcrumb"},"inLanguage":"pt-BR","potentialAction":[{"@type":"ReadAction","target":["https:\/\/propulsaodental.com.br\/site\/onde-encontrar\/tijucas-do-sul\/"]}]},{"@type":"ImageObject","inLanguage":"pt-BR","@id":"https:\/\/propulsaodental.com.br\/site\/onde-encontrar\/tijucas-do-sul\/#primaryimage","url":"https:\/\/propulsaodental.com.br\/site\/wp-content\/uploads\/2019\/06\/Pop_Dente.jpg","contentUrl":"https:\/\/propulsaodental.com.br\/site\/wp-content\/uploads\/2019\/06\/Pop_Dente.jpg","width":1600,"height":900,"caption":"POP DENTE"},{"@type":"BreadcrumbList","@id":"https:\/\/propulsaodental.com.br\/site\/onde-encontrar\/tijucas-do-sul\/#breadcrumb","itemListElement":[{"@type":"ListItem","position":1,"name":"In\u00edcio","item":"https:\/\/propulsaodental.com.br\/site\/"},{"@type":"ListItem","position":2,"name":"Onde encontrar","item":"https:\/\/propulsaodental.com.br\/site\/onde-encontrar\/"},{"@type":"ListItem","position":3,"name":"Tijucas do Sul"}]},{"@type":"WebSite","@id":"https:\/\/propulsaodental.com.br\/site\/#website","url":"https:\/\/propulsaodental.com.br\/site\/","name":"Propuls\u00e3o Dental","description":"A Propuls\u00e3o Dental tem como prioridade a seguran\u00e7a aliada a tecnologia e inova\u00e7\u00e3o fazendo assim com que voc\u00ea possa sair daqui sorrindo.","publisher":{"@id":"https:\/\/propulsaodental.com.br\/site\/#organization"},"alternateName":"Propuls\u00e3o Dental","potentialAction":[{"@type":"SearchAction","target":{"@type":"EntryPoint","urlTemplate":"https:\/\/propulsaodental.com.br\/site\/?s={search_term_string}"},"query-input":{"@type":"PropertyValueSpecification","valueRequired":true,"valueName":"search_term_string"}}],"inLanguage":"pt-BR"},{"@type":"Organization","@id":"https:\/\/propulsaodental.com.br\/site\/#organization","name":"Propuls\u00e3o Dental","alternateName":"Propuls\u00e3o Dental - Nosso plano \u00e9 fazer voc\u00ea sorrir","url":"https:\/\/propulsaodental.com.br\/site\/","logo":{"@type":"ImageObject","inLanguage":"pt-BR","@id":"https:\/\/propulsaodental.com.br\/site\/#\/schema\/logo\/image\/","url":"https:\/\/propulsaodental.com.br\/site\/wp-content\/uploads\/2025\/11\/logopropulsaodental25.webp","contentUrl":"https:\/\/propulsaodental.com.br\/site\/wp-content\/uploads\/2025\/11\/logopropulsaodental25.webp","width":800,"height":800,"caption":"Propuls\u00e3o Dental"},"image":{"@id":"https:\/\/propulsaodental.com.br\/site\/#\/schema\/logo\/image\/"},"sameAs":["https:\/\/www.facebook.com\/propulsaodental","https:\/\/www.tiktok.com\/@propulsaodentaloficial","https:\/\/www.instagram.com\/propulsaodental"]}]}},"_links":{"self":[{"href":"https:\/\/propulsaodental.com.br\/site\/wp-json\/wp\/v2\/pages\/571","targetHints":{"allow":["GET"]}}],"collection":[{"href":"https:\/\/propulsaodental.com.br\/site\/wp-json\/wp\/v2\/pages"}],"about":[{"href":"https:\/\/propulsaodental.com.br\/site\/wp-json\/wp\/v2\/types\/page"}],"author":[{"embeddable":true,"href":"https:\/\/propulsaodental.com.br\/site\/wp-json\/wp\/v2\/users\/1"}],"replies":[{"embeddable":true,"href":"https:\/\/propulsaodental.com.br\/site\/wp-json\/wp\/v2\/comments?post=571"}],"version-history":[{"count":10,"href":"https:\/\/propulsaodental.com.br\/site\/wp-json\/wp\/v2\/pages\/571\/revisions"}],"predecessor-version":[{"id":3470,"href":"https:\/\/propulsaodental.com.br\/site\/wp-json\/wp\/v2\/pages\/571\/revisions\/3470"}],"up":[{"embeddable":true,"href":"https:\/\/propulsaodental.com.br\/site\/wp-json\/wp\/v2\/pages\/375"}],"wp:attachment":[{"href":"https:\/\/propulsaodental.com.br\/site\/wp-json\/wp\/v2\/media?parent=571"}],"curies":[{"name":"wp","href":"https:\/\/api.w.org\/{rel}","templated":true}]}}