{"id":551,"date":"2019-06-07T15:42:08","date_gmt":"2019-06-07T18:42:08","guid":{"rendered":"http:\/\/propulsaodental.com.br\/site\/?page_id=551"},"modified":"2025-12-02T19:53:29","modified_gmt":"2025-12-02T22:53:29","slug":"sarandi","status":"publish","type":"page","link":"https:\/\/propulsaodental.com.br\/site\/onde-encontrar\/sarandi\/","title":{"rendered":"Sarandi"},"content":{"rendered":"\t\t<div data-elementor-type=\"wp-page\" data-elementor-id=\"551\" class=\"elementor elementor-551\">\n\t\t\t\t\t\t<section class=\"elementor-section elementor-top-section elementor-element elementor-element-7a10080 elementor-section-boxed elementor-section-height-default elementor-section-height-default wpr-particle-no wpr-jarallax-no wpr-parallax-no wpr-sticky-section-no\" data-id=\"7a10080\" data-element_type=\"section\" data-e-type=\"section\">\n\t\t\t\t\t\t<div class=\"elementor-container elementor-column-gap-default\">\n\t\t\t\t\t<div class=\"elementor-column elementor-col-25 elementor-top-column elementor-element elementor-element-5516cfb\" data-id=\"5516cfb\" data-element_type=\"column\" data-e-type=\"column\">\n\t\t\t<div class=\"elementor-widget-wrap\">\n\t\t\t\t\t\t\t<\/div>\n\t\t<\/div>\n\t\t\t\t<div class=\"elementor-column elementor-col-50 elementor-top-column elementor-element elementor-element-ec9efec\" data-id=\"ec9efec\" data-element_type=\"column\" data-e-type=\"column\">\n\t\t\t<div class=\"elementor-widget-wrap elementor-element-populated\">\n\t\t\t\t\t\t<div class=\"elementor-element elementor-element-6763e2aa elementor-widget elementor-widget-heading\" data-id=\"6763e2aa\" data-element_type=\"widget\" data-e-type=\"widget\" data-widget_type=\"heading.default\">\n\t\t\t\t\t<h2 class=\"elementor-heading-title elementor-size-default\">REDES CREDENCIADAS \/ SARANDI<\/h2>\t\t\t\t<\/div>\n\t\t\t\t<div class=\"elementor-element elementor-element-584697b6 elementor-widget elementor-widget-text-editor\" data-id=\"584697b6\" data-element_type=\"widget\" data-e-type=\"widget\" data-widget_type=\"text-editor.default\">\n\t\t\t\t\t\t\t\t\t<p><img fetchpriority=\"high\" decoding=\"async\" class=\"alignnone wp-image-747 size-full\" src=\"https:\/\/propulsaodental.com.br\/site\/wp-content\/uploads\/2019\/06\/Baldinu.jpg\" alt=\"BALDINU\" width=\"1600\" height=\"900\" srcset=\"https:\/\/propulsaodental.com.br\/site\/wp-content\/uploads\/2019\/06\/Baldinu.jpg 1600w, https:\/\/propulsaodental.com.br\/site\/wp-content\/uploads\/2019\/06\/Baldinu-300x169.jpg 300w, https:\/\/propulsaodental.com.br\/site\/wp-content\/uploads\/2019\/06\/Baldinu-768x432.jpg 768w, https:\/\/propulsaodental.com.br\/site\/wp-content\/uploads\/2019\/06\/Baldinu-1024x576.jpg 1024w, https:\/\/propulsaodental.com.br\/site\/wp-content\/uploads\/2019\/06\/Baldinu-1080x608.jpg 1080w\" sizes=\"(max-width: 1600px) 100vw, 1600px\" \/><\/p><p><span style=\"font-weight: 400; color: #ff0000;\">CL\u00cdNICA DE RADIOLOGIA BALDINU<\/span><\/p><h5><span style=\"font-weight: 400;\">(44) 3028 9219 \/ (44) 30289219<\/span><\/h5><p><span style=\"font-weight: 400;\">RUA JA\u00c7AN\u00c3 , 512 &#8211; CENTRO &#8211; SARANDI<\/span><\/p><h6><span style=\"font-weight: 400;\">clinicabaldinu@gmail.com<\/span><\/h6><p>\u00a0<\/p><h4>\u00a0<\/h4><p><img decoding=\"async\" class=\"alignnone wp-image-749 size-full\" src=\"https:\/\/propulsaodental.com.br\/site\/wp-content\/uploads\/2019\/06\/Fernanda_Rafaela.jpg\" alt=\"FERNANDA RAFAELA\" width=\"1280\" height=\"960\" srcset=\"https:\/\/propulsaodental.com.br\/site\/wp-content\/uploads\/2019\/06\/Fernanda_Rafaela.jpg 1280w, https:\/\/propulsaodental.com.br\/site\/wp-content\/uploads\/2019\/06\/Fernanda_Rafaela-300x225.jpg 300w, https:\/\/propulsaodental.com.br\/site\/wp-content\/uploads\/2019\/06\/Fernanda_Rafaela-768x576.jpg 768w, https:\/\/propulsaodental.com.br\/site\/wp-content\/uploads\/2019\/06\/Fernanda_Rafaela-1024x768.jpg 1024w, https:\/\/propulsaodental.com.br\/site\/wp-content\/uploads\/2019\/06\/Fernanda_Rafaela-510x382.jpg 510w, https:\/\/propulsaodental.com.br\/site\/wp-content\/uploads\/2019\/06\/Fernanda_Rafaela-1080x810.jpg 1080w\" sizes=\"(max-width: 1280px) 100vw, 1280px\" \/><\/p><p><span style=\"font-weight: 400; color: #ff0000;\">FERNANDA RAFAELA FERNANDES DE SOUZA<\/span><\/p><h5><span style=\"font-weight: 400;\">(44) 3274 4837 \/ (44) 3274 4837<\/span><\/h5><p><span style=\"font-weight: 400;\">AV MARING\u00c1 , 2532 &#8211; JD. NOVO PAULISTA &#8211; SARANDI<\/span><\/p><h6><span style=\"font-weight: 400;\">nandinha_odontoph@hotmail.com<\/span><\/h6><p>\u00a0<\/p><h4>\u00a0<\/h4><p><img decoding=\"async\" class=\"alignnone wp-image-750 size-full\" src=\"https:\/\/propulsaodental.com.br\/site\/wp-content\/uploads\/2019\/06\/Marcelo_Aparecido.jpg\" alt=\"MARCELO APARECIDO\" width=\"1280\" height=\"720\" srcset=\"https:\/\/propulsaodental.com.br\/site\/wp-content\/uploads\/2019\/06\/Marcelo_Aparecido.jpg 1280w, https:\/\/propulsaodental.com.br\/site\/wp-content\/uploads\/2019\/06\/Marcelo_Aparecido-300x169.jpg 300w, https:\/\/propulsaodental.com.br\/site\/wp-content\/uploads\/2019\/06\/Marcelo_Aparecido-768x432.jpg 768w, https:\/\/propulsaodental.com.br\/site\/wp-content\/uploads\/2019\/06\/Marcelo_Aparecido-1024x576.jpg 1024w, https:\/\/propulsaodental.com.br\/site\/wp-content\/uploads\/2019\/06\/Marcelo_Aparecido-1080x608.jpg 1080w\" sizes=\"(max-width: 1280px) 100vw, 1280px\" \/><\/p><p><span style=\"font-weight: 400; color: #ff0000;\">MARCELO APARECIDO DE LIMA<\/span><\/p><h5><span style=\"font-weight: 400;\">(44) 3274 2413 \/ (44) 3274 2413<\/span><\/h5><p><span style=\"font-weight: 400;\">AVENIDA DOM PEDRO I, 08 &#8211; JD INDEPEND\u00caNCIA &#8211; SARANDI<\/span><\/p><h6><span style=\"font-weight: 400;\">marcelolimaodonto@gmail.com<\/span><\/h6><p>\u00a0<\/p><h4>\u00a0<\/h4><p><img loading=\"lazy\" decoding=\"async\" class=\"alignnone wp-image-751 size-full\" src=\"https:\/\/propulsaodental.com.br\/site\/wp-content\/uploads\/2019\/06\/Walkyria.jpg\" alt=\"WALKYRIA\" width=\"1280\" height=\"720\" srcset=\"https:\/\/propulsaodental.com.br\/site\/wp-content\/uploads\/2019\/06\/Walkyria.jpg 1280w, https:\/\/propulsaodental.com.br\/site\/wp-content\/uploads\/2019\/06\/Walkyria-300x169.jpg 300w, https:\/\/propulsaodental.com.br\/site\/wp-content\/uploads\/2019\/06\/Walkyria-768x432.jpg 768w, https:\/\/propulsaodental.com.br\/site\/wp-content\/uploads\/2019\/06\/Walkyria-1024x576.jpg 1024w, https:\/\/propulsaodental.com.br\/site\/wp-content\/uploads\/2019\/06\/Walkyria-1080x608.jpg 1080w\" sizes=\"(max-width: 1280px) 100vw, 1280px\" \/><\/p><p><span style=\"font-weight: 400; color: #ff0000;\">WALKYRIA DA CRUZ FERREIRA<\/span><\/p><h5><span style=\"font-weight: 400;\">(44) 3035 0119 \/ (44) 3035 0119<\/span><\/h5><p><span style=\"font-weight: 400;\">AV LONDRINA , 980 &#8211; JARDIM INDEPEND\u00caNCIA &#8211; SARANDI<\/span><\/p><h6><span style=\"font-weight: 400;\">dra.walkyria@hotmail.com<\/span><\/h6><p>Profissionais:<\/p><p>Walkyria Da Cruz Ferreira &#8211; Cl\u00ednico Geral, Endodontista, Cirurgia<\/p>\t\t\t\t\t\t\t\t<\/div>\n\t\t\t\t\t<\/div>\n\t\t<\/div>\n\t\t\t\t<div class=\"elementor-column elementor-col-25 elementor-top-column elementor-element elementor-element-285947f\" data-id=\"285947f\" data-element_type=\"column\" data-e-type=\"column\">\n\t\t\t<div class=\"elementor-widget-wrap\">\n\t\t\t\t\t\t\t<\/div>\n\t\t<\/div>\n\t\t\t\t\t<\/div>\n\t\t<\/section>\n\t\t\t\t<section class=\"elementor-section elementor-top-section elementor-element elementor-element-19c932f3 elementor-section-boxed elementor-section-height-default elementor-section-height-default wpr-particle-no wpr-jarallax-no wpr-parallax-no wpr-sticky-section-no\" data-id=\"19c932f3\" data-element_type=\"section\" data-e-type=\"section\">\n\t\t\t\t\t\t<div class=\"elementor-container elementor-column-gap-default\">\n\t\t\t\t\t<div class=\"elementor-column elementor-col-50 elementor-top-column elementor-element elementor-element-32523ec9\" data-id=\"32523ec9\" data-element_type=\"column\" data-e-type=\"column\">\n\t\t\t<div class=\"elementor-widget-wrap\">\n\t\t\t\t\t\t\t<\/div>\n\t\t<\/div>\n\t\t\t\t<div class=\"elementor-column elementor-col-50 elementor-top-column elementor-element elementor-element-4f173c39\" data-id=\"4f173c39\" data-element_type=\"column\" data-e-type=\"column\">\n\t\t\t<div class=\"elementor-widget-wrap\">\n\t\t\t\t\t\t\t<\/div>\n\t\t<\/div>\n\t\t\t\t\t<\/div>\n\t\t<\/section>\n\t\t\t\t<\/div>\n\t\t","protected":false},"excerpt":{"rendered":"<p>REDES CREDENCIADAS \/ SARANDI CL\u00cdNICA DE RADIOLOGIA BALDINU (44) 3028 9219 \/ (44) 30289219 RUA JA\u00c7AN\u00c3 , 512 &#8211; CENTRO &#8211; SARANDI clinicabaldinu@gmail.com \u00a0 \u00a0 FERNANDA RAFAELA FERNANDES DE SOUZA (44) 3274 4837 \/ (44) 3274 4837 AV MARING\u00c1 , 2532 &#8211; JD. NOVO PAULISTA &#8211; SARANDI nandinha_odontoph@hotmail.com \u00a0 \u00a0 MARCELO APARECIDO DE LIMA (44) 3274 2413 \/ (44) 3274 2413 AVENIDA DOM PEDRO I, 08 &#8211; JD INDEPEND\u00caNCIA &#8211; SARANDI marcelolimaodonto@gmail.com \u00a0 \u00a0 WALKYRIA DA CRUZ FERREIRA (44) 3035 0119 \/ (44) 3035 0119 AV LONDRINA , 980 &#8211; JARDIM INDEPEND\u00caNCIA &#8211; SARANDI dra.walkyria@hotmail.com Profissionais: Walkyria Da Cruz Ferreira &#8211; Cl\u00ednico Geral, Endodontista, Cirurgia<\/p>\n","protected":false},"author":1,"featured_media":0,"parent":375,"menu_order":0,"comment_status":"closed","ping_status":"closed","template":"","meta":{"_acf_changed":false,"footnotes":""},"class_list":["post-551","page","type-page","status-publish","hentry"],"acf":[],"yoast_head":"<!-- This site is optimized with the Yoast SEO plugin v27.3 - https:\/\/yoast.com\/product\/yoast-seo-wordpress\/ -->\n<title>Sarandi - Propuls\u00e3o Dental<\/title>\n<meta name=\"robots\" content=\"index, follow, max-snippet:-1, max-image-preview:large, max-video-preview:-1\" \/>\n<link rel=\"canonical\" href=\"https:\/\/propulsaodental.com.br\/site\/onde-encontrar\/sarandi\/\" \/>\n<meta property=\"og:locale\" content=\"pt_BR\" \/>\n<meta property=\"og:type\" content=\"article\" \/>\n<meta property=\"og:title\" content=\"Sarandi - Propuls\u00e3o Dental\" \/>\n<meta property=\"og:description\" content=\"REDES CREDENCIADAS \/ SARANDI CL\u00cdNICA DE RADIOLOGIA BALDINU (44) 3028 9219 \/ (44) 30289219 RUA JA\u00c7AN\u00c3 , 512 &#8211; CENTRO &#8211; SARANDI clinicabaldinu@gmail.com \u00a0 \u00a0 FERNANDA RAFAELA FERNANDES DE SOUZA (44) 3274 4837 \/ (44) 3274 4837 AV MARING\u00c1 , 2532 &#8211; JD. NOVO PAULISTA &#8211; SARANDI nandinha_odontoph@hotmail.com \u00a0 \u00a0 MARCELO APARECIDO DE LIMA (44) 3274 2413 \/ (44) 3274 2413 AVENIDA DOM PEDRO I, 08 &#8211; JD INDEPEND\u00caNCIA &#8211; SARANDI marcelolimaodonto@gmail.com \u00a0 \u00a0 WALKYRIA DA CRUZ FERREIRA (44) 3035 0119 \/ (44) 3035 0119 AV LONDRINA , 980 &#8211; JARDIM INDEPEND\u00caNCIA &#8211; SARANDI dra.walkyria@hotmail.com Profissionais: Walkyria Da Cruz Ferreira &#8211; Cl\u00ednico Geral, Endodontista, Cirurgia\" \/>\n<meta property=\"og:url\" content=\"https:\/\/propulsaodental.com.br\/site\/onde-encontrar\/sarandi\/\" \/>\n<meta property=\"og:site_name\" content=\"Propuls\u00e3o Dental\" \/>\n<meta property=\"article:publisher\" content=\"https:\/\/www.facebook.com\/propulsaodental\" \/>\n<meta property=\"article:modified_time\" content=\"2025-12-02T22:53:29+00:00\" \/>\n<meta property=\"og:image\" content=\"https:\/\/propulsaodental.com.br\/site\/wp-content\/uploads\/2019\/06\/Baldinu.jpg\" \/>\n\t<meta property=\"og:image:width\" content=\"1600\" \/>\n\t<meta property=\"og:image:height\" content=\"900\" \/>\n\t<meta property=\"og:image:type\" content=\"image\/jpeg\" \/>\n<meta name=\"twitter:card\" content=\"summary_large_image\" \/>\n<meta name=\"twitter:label1\" content=\"Est. tempo de leitura\" \/>\n\t<meta name=\"twitter:data1\" content=\"2 minutos\" \/>\n<script type=\"application\/ld+json\" class=\"yoast-schema-graph\">{\"@context\":\"https:\\\/\\\/schema.org\",\"@graph\":[{\"@type\":\"WebPage\",\"@id\":\"https:\\\/\\\/propulsaodental.com.br\\\/site\\\/onde-encontrar\\\/sarandi\\\/\",\"url\":\"https:\\\/\\\/propulsaodental.com.br\\\/site\\\/onde-encontrar\\\/sarandi\\\/\",\"name\":\"Sarandi - Propuls\u00e3o Dental\",\"isPartOf\":{\"@id\":\"https:\\\/\\\/propulsaodental.com.br\\\/site\\\/#website\"},\"primaryImageOfPage\":{\"@id\":\"https:\\\/\\\/propulsaodental.com.br\\\/site\\\/onde-encontrar\\\/sarandi\\\/#primaryimage\"},\"image\":{\"@id\":\"https:\\\/\\\/propulsaodental.com.br\\\/site\\\/onde-encontrar\\\/sarandi\\\/#primaryimage\"},\"thumbnailUrl\":\"https:\\\/\\\/propulsaodental.com.br\\\/site\\\/wp-content\\\/uploads\\\/2019\\\/06\\\/Baldinu.jpg\",\"datePublished\":\"2019-06-07T18:42:08+00:00\",\"dateModified\":\"2025-12-02T22:53:29+00:00\",\"breadcrumb\":{\"@id\":\"https:\\\/\\\/propulsaodental.com.br\\\/site\\\/onde-encontrar\\\/sarandi\\\/#breadcrumb\"},\"inLanguage\":\"pt-BR\",\"potentialAction\":[{\"@type\":\"ReadAction\",\"target\":[\"https:\\\/\\\/propulsaodental.com.br\\\/site\\\/onde-encontrar\\\/sarandi\\\/\"]}]},{\"@type\":\"ImageObject\",\"inLanguage\":\"pt-BR\",\"@id\":\"https:\\\/\\\/propulsaodental.com.br\\\/site\\\/onde-encontrar\\\/sarandi\\\/#primaryimage\",\"url\":\"https:\\\/\\\/propulsaodental.com.br\\\/site\\\/wp-content\\\/uploads\\\/2019\\\/06\\\/Baldinu.jpg\",\"contentUrl\":\"https:\\\/\\\/propulsaodental.com.br\\\/site\\\/wp-content\\\/uploads\\\/2019\\\/06\\\/Baldinu.jpg\",\"width\":1600,\"height\":900,\"caption\":\"BALDINU\"},{\"@type\":\"BreadcrumbList\",\"@id\":\"https:\\\/\\\/propulsaodental.com.br\\\/site\\\/onde-encontrar\\\/sarandi\\\/#breadcrumb\",\"itemListElement\":[{\"@type\":\"ListItem\",\"position\":1,\"name\":\"In\u00edcio\",\"item\":\"https:\\\/\\\/propulsaodental.com.br\\\/site\\\/\"},{\"@type\":\"ListItem\",\"position\":2,\"name\":\"Onde encontrar\",\"item\":\"https:\\\/\\\/propulsaodental.com.br\\\/site\\\/onde-encontrar\\\/\"},{\"@type\":\"ListItem\",\"position\":3,\"name\":\"Sarandi\"}]},{\"@type\":\"WebSite\",\"@id\":\"https:\\\/\\\/propulsaodental.com.br\\\/site\\\/#website\",\"url\":\"https:\\\/\\\/propulsaodental.com.br\\\/site\\\/\",\"name\":\"Propuls\u00e3o Dental\",\"description\":\"A Propuls\u00e3o Dental tem como prioridade a seguran\u00e7a aliada a tecnologia e inova\u00e7\u00e3o fazendo assim com que voc\u00ea possa sair daqui sorrindo.\",\"publisher\":{\"@id\":\"https:\\\/\\\/propulsaodental.com.br\\\/site\\\/#organization\"},\"alternateName\":\"Propuls\u00e3o Dental\",\"potentialAction\":[{\"@type\":\"SearchAction\",\"target\":{\"@type\":\"EntryPoint\",\"urlTemplate\":\"https:\\\/\\\/propulsaodental.com.br\\\/site\\\/?s={search_term_string}\"},\"query-input\":{\"@type\":\"PropertyValueSpecification\",\"valueRequired\":true,\"valueName\":\"search_term_string\"}}],\"inLanguage\":\"pt-BR\"},{\"@type\":\"Organization\",\"@id\":\"https:\\\/\\\/propulsaodental.com.br\\\/site\\\/#organization\",\"name\":\"Propuls\u00e3o Dental\",\"alternateName\":\"Propuls\u00e3o Dental - Nosso plano \u00e9 fazer voc\u00ea sorrir\",\"url\":\"https:\\\/\\\/propulsaodental.com.br\\\/site\\\/\",\"logo\":{\"@type\":\"ImageObject\",\"inLanguage\":\"pt-BR\",\"@id\":\"https:\\\/\\\/propulsaodental.com.br\\\/site\\\/#\\\/schema\\\/logo\\\/image\\\/\",\"url\":\"https:\\\/\\\/propulsaodental.com.br\\\/site\\\/wp-content\\\/uploads\\\/2025\\\/11\\\/logopropulsaodental25.webp\",\"contentUrl\":\"https:\\\/\\\/propulsaodental.com.br\\\/site\\\/wp-content\\\/uploads\\\/2025\\\/11\\\/logopropulsaodental25.webp\",\"width\":800,\"height\":800,\"caption\":\"Propuls\u00e3o Dental\"},\"image\":{\"@id\":\"https:\\\/\\\/propulsaodental.com.br\\\/site\\\/#\\\/schema\\\/logo\\\/image\\\/\"},\"sameAs\":[\"https:\\\/\\\/www.facebook.com\\\/propulsaodental\",\"https:\\\/\\\/www.tiktok.com\\\/@propulsaodentaloficial\",\"https:\\\/\\\/www.instagram.com\\\/propulsaodental\"]}]}<\/script>\n<!-- \/ Yoast SEO plugin. -->","yoast_head_json":{"title":"Sarandi - Propuls\u00e3o Dental","robots":{"index":"index","follow":"follow","max-snippet":"max-snippet:-1","max-image-preview":"max-image-preview:large","max-video-preview":"max-video-preview:-1"},"canonical":"https:\/\/propulsaodental.com.br\/site\/onde-encontrar\/sarandi\/","og_locale":"pt_BR","og_type":"article","og_title":"Sarandi - Propuls\u00e3o Dental","og_description":"REDES CREDENCIADAS \/ SARANDI CL\u00cdNICA DE RADIOLOGIA BALDINU (44) 3028 9219 \/ (44) 30289219 RUA JA\u00c7AN\u00c3 , 512 &#8211; CENTRO &#8211; SARANDI clinicabaldinu@gmail.com \u00a0 \u00a0 FERNANDA RAFAELA FERNANDES DE SOUZA (44) 3274 4837 \/ (44) 3274 4837 AV MARING\u00c1 , 2532 &#8211; JD. NOVO PAULISTA &#8211; SARANDI nandinha_odontoph@hotmail.com \u00a0 \u00a0 MARCELO APARECIDO DE LIMA (44) 3274 2413 \/ (44) 3274 2413 AVENIDA DOM PEDRO I, 08 &#8211; JD INDEPEND\u00caNCIA &#8211; SARANDI marcelolimaodonto@gmail.com \u00a0 \u00a0 WALKYRIA DA CRUZ FERREIRA (44) 3035 0119 \/ (44) 3035 0119 AV LONDRINA , 980 &#8211; JARDIM INDEPEND\u00caNCIA &#8211; SARANDI dra.walkyria@hotmail.com Profissionais: Walkyria Da Cruz Ferreira &#8211; Cl\u00ednico Geral, Endodontista, Cirurgia","og_url":"https:\/\/propulsaodental.com.br\/site\/onde-encontrar\/sarandi\/","og_site_name":"Propuls\u00e3o Dental","article_publisher":"https:\/\/www.facebook.com\/propulsaodental","article_modified_time":"2025-12-02T22:53:29+00:00","og_image":[{"width":1600,"height":900,"url":"https:\/\/propulsaodental.com.br\/site\/wp-content\/uploads\/2019\/06\/Baldinu.jpg","type":"image\/jpeg"}],"twitter_card":"summary_large_image","twitter_misc":{"Est. tempo de leitura":"2 minutos"},"schema":{"@context":"https:\/\/schema.org","@graph":[{"@type":"WebPage","@id":"https:\/\/propulsaodental.com.br\/site\/onde-encontrar\/sarandi\/","url":"https:\/\/propulsaodental.com.br\/site\/onde-encontrar\/sarandi\/","name":"Sarandi - Propuls\u00e3o Dental","isPartOf":{"@id":"https:\/\/propulsaodental.com.br\/site\/#website"},"primaryImageOfPage":{"@id":"https:\/\/propulsaodental.com.br\/site\/onde-encontrar\/sarandi\/#primaryimage"},"image":{"@id":"https:\/\/propulsaodental.com.br\/site\/onde-encontrar\/sarandi\/#primaryimage"},"thumbnailUrl":"https:\/\/propulsaodental.com.br\/site\/wp-content\/uploads\/2019\/06\/Baldinu.jpg","datePublished":"2019-06-07T18:42:08+00:00","dateModified":"2025-12-02T22:53:29+00:00","breadcrumb":{"@id":"https:\/\/propulsaodental.com.br\/site\/onde-encontrar\/sarandi\/#breadcrumb"},"inLanguage":"pt-BR","potentialAction":[{"@type":"ReadAction","target":["https:\/\/propulsaodental.com.br\/site\/onde-encontrar\/sarandi\/"]}]},{"@type":"ImageObject","inLanguage":"pt-BR","@id":"https:\/\/propulsaodental.com.br\/site\/onde-encontrar\/sarandi\/#primaryimage","url":"https:\/\/propulsaodental.com.br\/site\/wp-content\/uploads\/2019\/06\/Baldinu.jpg","contentUrl":"https:\/\/propulsaodental.com.br\/site\/wp-content\/uploads\/2019\/06\/Baldinu.jpg","width":1600,"height":900,"caption":"BALDINU"},{"@type":"BreadcrumbList","@id":"https:\/\/propulsaodental.com.br\/site\/onde-encontrar\/sarandi\/#breadcrumb","itemListElement":[{"@type":"ListItem","position":1,"name":"In\u00edcio","item":"https:\/\/propulsaodental.com.br\/site\/"},{"@type":"ListItem","position":2,"name":"Onde encontrar","item":"https:\/\/propulsaodental.com.br\/site\/onde-encontrar\/"},{"@type":"ListItem","position":3,"name":"Sarandi"}]},{"@type":"WebSite","@id":"https:\/\/propulsaodental.com.br\/site\/#website","url":"https:\/\/propulsaodental.com.br\/site\/","name":"Propuls\u00e3o Dental","description":"A Propuls\u00e3o Dental tem como prioridade a seguran\u00e7a aliada a tecnologia e inova\u00e7\u00e3o fazendo assim com que voc\u00ea possa sair daqui sorrindo.","publisher":{"@id":"https:\/\/propulsaodental.com.br\/site\/#organization"},"alternateName":"Propuls\u00e3o Dental","potentialAction":[{"@type":"SearchAction","target":{"@type":"EntryPoint","urlTemplate":"https:\/\/propulsaodental.com.br\/site\/?s={search_term_string}"},"query-input":{"@type":"PropertyValueSpecification","valueRequired":true,"valueName":"search_term_string"}}],"inLanguage":"pt-BR"},{"@type":"Organization","@id":"https:\/\/propulsaodental.com.br\/site\/#organization","name":"Propuls\u00e3o Dental","alternateName":"Propuls\u00e3o Dental - Nosso plano \u00e9 fazer voc\u00ea sorrir","url":"https:\/\/propulsaodental.com.br\/site\/","logo":{"@type":"ImageObject","inLanguage":"pt-BR","@id":"https:\/\/propulsaodental.com.br\/site\/#\/schema\/logo\/image\/","url":"https:\/\/propulsaodental.com.br\/site\/wp-content\/uploads\/2025\/11\/logopropulsaodental25.webp","contentUrl":"https:\/\/propulsaodental.com.br\/site\/wp-content\/uploads\/2025\/11\/logopropulsaodental25.webp","width":800,"height":800,"caption":"Propuls\u00e3o Dental"},"image":{"@id":"https:\/\/propulsaodental.com.br\/site\/#\/schema\/logo\/image\/"},"sameAs":["https:\/\/www.facebook.com\/propulsaodental","https:\/\/www.tiktok.com\/@propulsaodentaloficial","https:\/\/www.instagram.com\/propulsaodental"]}]}},"_links":{"self":[{"href":"https:\/\/propulsaodental.com.br\/site\/wp-json\/wp\/v2\/pages\/551","targetHints":{"allow":["GET"]}}],"collection":[{"href":"https:\/\/propulsaodental.com.br\/site\/wp-json\/wp\/v2\/pages"}],"about":[{"href":"https:\/\/propulsaodental.com.br\/site\/wp-json\/wp\/v2\/types\/page"}],"author":[{"embeddable":true,"href":"https:\/\/propulsaodental.com.br\/site\/wp-json\/wp\/v2\/users\/1"}],"replies":[{"embeddable":true,"href":"https:\/\/propulsaodental.com.br\/site\/wp-json\/wp\/v2\/comments?post=551"}],"version-history":[{"count":14,"href":"https:\/\/propulsaodental.com.br\/site\/wp-json\/wp\/v2\/pages\/551\/revisions"}],"predecessor-version":[{"id":3494,"href":"https:\/\/propulsaodental.com.br\/site\/wp-json\/wp\/v2\/pages\/551\/revisions\/3494"}],"up":[{"embeddable":true,"href":"https:\/\/propulsaodental.com.br\/site\/wp-json\/wp\/v2\/pages\/375"}],"wp:attachment":[{"href":"https:\/\/propulsaodental.com.br\/site\/wp-json\/wp\/v2\/media?parent=551"}],"curies":[{"name":"wp","href":"https:\/\/api.w.org\/{rel}","templated":true}]}}