{"id":491,"date":"2019-06-07T15:07:56","date_gmt":"2019-06-07T18:07:56","guid":{"rendered":"http:\/\/propulsaodental.com.br\/site\/?page_id=491"},"modified":"2025-12-02T16:43:57","modified_gmt":"2025-12-02T19:43:57","slug":"londrina","status":"publish","type":"page","link":"https:\/\/propulsaodental.com.br\/site\/onde-encontrar\/londrina\/","title":{"rendered":"Londrina"},"content":{"rendered":"\t\t<div data-elementor-type=\"wp-page\" data-elementor-id=\"491\" class=\"elementor elementor-491\">\n\t\t\t\t\t\t<section class=\"elementor-section elementor-top-section elementor-element elementor-element-c4c1d9c elementor-section-boxed elementor-section-height-default elementor-section-height-default wpr-particle-no wpr-jarallax-no wpr-parallax-no wpr-sticky-section-no\" data-id=\"c4c1d9c\" data-element_type=\"section\" data-e-type=\"section\">\n\t\t\t\t\t\t<div class=\"elementor-container elementor-column-gap-default\">\n\t\t\t\t\t<div class=\"elementor-column elementor-col-25 elementor-top-column elementor-element elementor-element-ee375cc\" data-id=\"ee375cc\" data-element_type=\"column\" data-e-type=\"column\">\n\t\t\t<div class=\"elementor-widget-wrap\">\n\t\t\t\t\t\t\t<\/div>\n\t\t<\/div>\n\t\t\t\t<div class=\"elementor-column elementor-col-50 elementor-top-column elementor-element elementor-element-7be34e5\" data-id=\"7be34e5\" data-element_type=\"column\" data-e-type=\"column\">\n\t\t\t<div class=\"elementor-widget-wrap elementor-element-populated\">\n\t\t\t\t\t\t<div class=\"elementor-element elementor-element-52acdf4b elementor-widget elementor-widget-heading\" data-id=\"52acdf4b\" data-element_type=\"widget\" data-e-type=\"widget\" data-widget_type=\"heading.default\">\n\t\t\t\t\t<h2 class=\"elementor-heading-title elementor-size-default\">REDES CREDENCIADAS \/ LONDRINA<\/h2>\t\t\t\t<\/div>\n\t\t\t\t<div class=\"elementor-element elementor-element-58627131 elementor-widget elementor-widget-text-editor\" data-id=\"58627131\" data-element_type=\"widget\" data-e-type=\"widget\" data-widget_type=\"text-editor.default\">\n\t\t\t\t\t\t\t\t\t<p><img fetchpriority=\"high\" decoding=\"async\" class=\"alignnone wp-image-698 size-full\" src=\"https:\/\/propulsaodental.com.br\/site\/wp-content\/uploads\/2019\/06\/Goldent.png\" alt=\"GOLDENT\" width=\"581\" height=\"302\" srcset=\"https:\/\/propulsaodental.com.br\/site\/wp-content\/uploads\/2019\/06\/Goldent.png 581w, https:\/\/propulsaodental.com.br\/site\/wp-content\/uploads\/2019\/06\/Goldent-300x156.png 300w\" sizes=\"(max-width: 581px) 100vw, 581px\" \/><\/p><p><span style=\"font-weight: 400; color: #ff0000;\">GOLDENT EXCELENCIA EM ODONTOLOGIA<\/span><\/p><h5><span style=\"font-weight: 400;\">(43) 3020 3605 \/ (43) 9999-18152<\/span><\/h5><p><span style=\"font-weight: 400;\">AV ROBERTO KOCH, 786 sala 05 &#8211; OPER\u00c1RIA &#8211; LONDRINA<\/span><\/p><h6><span style=\"font-weight: 400;\">goldentodonto@gmail.com<\/span><\/h6><p>Profissionais:<\/p><p>Moacir Veras Neto &#8211; Cl\u00ednica Geral, Ortodontia, Pr\u00f3tese, Est\u00e9tica, Disfun\u00e7\u00e3o Temporomandibular, Oclus\u00e3o, Diagn\u00f3stico, Odontopediatria, Periodontia, Cirurgia, Dent\u00edstica, Tratamento De Bruxismo, Ortopedia Funcional Dos Maxilares<\/p><p><span style=\"font-weight: 400; color: #ff0000;\">IMAGENS RADIOLOGIA<\/span><\/p><h5><span style=\"font-weight: 400;\">(43) 3324 7665 \/ (43) 3324 7665<\/span><\/h5><p><span style=\"font-weight: 400;\">RUA ALAGOAS, 1258 &#8211; ZONA 01 &#8211; LONDRINA<\/span><\/p><h6><span style=\"font-weight: 400;\">imagem_radiologia@hotmail.com<\/span><\/h6><p>\u00a0<\/p><p><img decoding=\"async\" class=\"alignnone wp-image-700 size-full\" src=\"https:\/\/propulsaodental.com.br\/site\/wp-content\/uploads\/2019\/06\/Renato_Carlos.png\" alt=\"RENATO CARLOS\" width=\"598\" height=\"481\" srcset=\"https:\/\/propulsaodental.com.br\/site\/wp-content\/uploads\/2019\/06\/Renato_Carlos.png 598w, https:\/\/propulsaodental.com.br\/site\/wp-content\/uploads\/2019\/06\/Renato_Carlos-300x241.png 300w\" sizes=\"(max-width: 598px) 100vw, 598px\" \/><\/p><p><span style=\"font-weight: 400; color: #ff0000;\">RENATO CARLOS DOS SANTOS<\/span><\/p><h5><span style=\"font-weight: 400;\">(43) 3322 6171 \/ (41) 3322 6171<\/span><\/h5><p><span style=\"font-weight: 400;\">RUA MATO GROSSO , 1048 &#8211; CENTRO &#8211; LONDRINA<\/span><\/p><h6><span style=\"font-weight: 400;\">dr.renatocarlos@hotmail.com<\/span><\/h6><p>\u00a0<\/p><p><img decoding=\"async\" class=\"alignnone wp-image-701 size-full\" src=\"https:\/\/propulsaodental.com.br\/site\/wp-content\/uploads\/2019\/06\/Silvana_Conde.jpg\" alt=\"SILVANA CONDE\" width=\"1078\" height=\"621\" srcset=\"https:\/\/propulsaodental.com.br\/site\/wp-content\/uploads\/2019\/06\/Silvana_Conde.jpg 1078w, https:\/\/propulsaodental.com.br\/site\/wp-content\/uploads\/2019\/06\/Silvana_Conde-300x173.jpg 300w, https:\/\/propulsaodental.com.br\/site\/wp-content\/uploads\/2019\/06\/Silvana_Conde-768x442.jpg 768w, https:\/\/propulsaodental.com.br\/site\/wp-content\/uploads\/2019\/06\/Silvana_Conde-1024x590.jpg 1024w\" sizes=\"(max-width: 1078px) 100vw, 1078px\" \/><\/p><p><span style=\"font-weight: 400; color: #ff0000;\">SILVANA CONDE SANTOS BORBA<\/span><\/p><h5><span style=\"font-weight: 400;\">(43) 3323 2944 \/ (43) 3323 2944<\/span><\/h5><p><span style=\"font-weight: 400;\">RUA SANTA CATARINA , 50 SL &#8211; CENTRO &#8211; LONDRINA<\/span><\/p><h6><span style=\"font-weight: 400;\">silcsb@gmail.com<\/span><\/h6><p>\u00a0<\/p>\t\t\t\t\t\t\t\t<\/div>\n\t\t\t\t\t<\/div>\n\t\t<\/div>\n\t\t\t\t<div class=\"elementor-column elementor-col-25 elementor-top-column elementor-element elementor-element-366f654\" data-id=\"366f654\" data-element_type=\"column\" data-e-type=\"column\">\n\t\t\t<div class=\"elementor-widget-wrap\">\n\t\t\t\t\t\t\t<\/div>\n\t\t<\/div>\n\t\t\t\t\t<\/div>\n\t\t<\/section>\n\t\t\t\t<section class=\"elementor-section elementor-top-section elementor-element elementor-element-783d17ce elementor-section-boxed elementor-section-height-default elementor-section-height-default wpr-particle-no wpr-jarallax-no wpr-parallax-no wpr-sticky-section-no\" data-id=\"783d17ce\" data-element_type=\"section\" data-e-type=\"section\">\n\t\t\t\t\t\t<div class=\"elementor-container elementor-column-gap-default\">\n\t\t\t\t\t<div class=\"elementor-column elementor-col-50 elementor-top-column elementor-element elementor-element-e81e760\" data-id=\"e81e760\" data-element_type=\"column\" data-e-type=\"column\">\n\t\t\t<div class=\"elementor-widget-wrap\">\n\t\t\t\t\t\t\t<\/div>\n\t\t<\/div>\n\t\t\t\t<div class=\"elementor-column elementor-col-50 elementor-top-column elementor-element elementor-element-5d37ec5e\" data-id=\"5d37ec5e\" data-element_type=\"column\" data-e-type=\"column\">\n\t\t\t<div class=\"elementor-widget-wrap\">\n\t\t\t\t\t\t\t<\/div>\n\t\t<\/div>\n\t\t\t\t\t<\/div>\n\t\t<\/section>\n\t\t\t\t<\/div>\n\t\t","protected":false},"excerpt":{"rendered":"<p>REDES CREDENCIADAS \/ LONDRINA GOLDENT EXCELENCIA EM ODONTOLOGIA (43) 3020 3605 \/ (43) 9999-18152 AV ROBERTO KOCH, 786 sala 05 &#8211; OPER\u00c1RIA &#8211; LONDRINA goldentodonto@gmail.com Profissionais: Moacir Veras Neto &#8211; Cl\u00ednica Geral, Ortodontia, Pr\u00f3tese, Est\u00e9tica, Disfun\u00e7\u00e3o Temporomandibular, Oclus\u00e3o, Diagn\u00f3stico, Odontopediatria, Periodontia, Cirurgia, Dent\u00edstica, Tratamento De Bruxismo, Ortopedia Funcional Dos Maxilares IMAGENS RADIOLOGIA (43) 3324 7665 \/ (43) 3324 7665 RUA ALAGOAS, 1258 &#8211; ZONA 01 &#8211; LONDRINA imagem_radiologia@hotmail.com \u00a0 RENATO CARLOS DOS SANTOS (43) 3322 6171 \/ (41) 3322 6171 RUA MATO GROSSO , 1048 &#8211; CENTRO &#8211; LONDRINA dr.renatocarlos@hotmail.com \u00a0 SILVANA CONDE SANTOS BORBA (43) 3323 2944 \/ (43) 3323 2944 RUA SANTA CATARINA , 50 SL &#8211; CENTRO &#8211; LONDRINA silcsb@gmail.com \u00a0<\/p>\n","protected":false},"author":1,"featured_media":0,"parent":375,"menu_order":0,"comment_status":"closed","ping_status":"closed","template":"","meta":{"_acf_changed":false,"footnotes":""},"class_list":["post-491","page","type-page","status-publish","hentry"],"acf":[],"yoast_head":"<!-- This site is optimized with the Yoast SEO plugin v27.3 - https:\/\/yoast.com\/product\/yoast-seo-wordpress\/ -->\n<title>Londrina - Propuls\u00e3o Dental<\/title>\n<meta name=\"robots\" content=\"index, follow, max-snippet:-1, max-image-preview:large, max-video-preview:-1\" \/>\n<link rel=\"canonical\" href=\"https:\/\/propulsaodental.com.br\/site\/onde-encontrar\/londrina\/\" \/>\n<meta property=\"og:locale\" content=\"pt_BR\" \/>\n<meta property=\"og:type\" content=\"article\" \/>\n<meta property=\"og:title\" content=\"Londrina - Propuls\u00e3o Dental\" \/>\n<meta property=\"og:description\" content=\"REDES CREDENCIADAS \/ LONDRINA GOLDENT EXCELENCIA EM ODONTOLOGIA (43) 3020 3605 \/ (43) 9999-18152 AV ROBERTO KOCH, 786 sala 05 &#8211; OPER\u00c1RIA &#8211; LONDRINA goldentodonto@gmail.com Profissionais: Moacir Veras Neto &#8211; Cl\u00ednica Geral, Ortodontia, Pr\u00f3tese, Est\u00e9tica, Disfun\u00e7\u00e3o Temporomandibular, Oclus\u00e3o, Diagn\u00f3stico, Odontopediatria, Periodontia, Cirurgia, Dent\u00edstica, Tratamento De Bruxismo, Ortopedia Funcional Dos Maxilares IMAGENS RADIOLOGIA (43) 3324 7665 \/ (43) 3324 7665 RUA ALAGOAS, 1258 &#8211; ZONA 01 &#8211; LONDRINA imagem_radiologia@hotmail.com \u00a0 RENATO CARLOS DOS SANTOS (43) 3322 6171 \/ (41) 3322 6171 RUA MATO GROSSO , 1048 &#8211; CENTRO &#8211; LONDRINA dr.renatocarlos@hotmail.com \u00a0 SILVANA CONDE SANTOS BORBA (43) 3323 2944 \/ (43) 3323 2944 RUA SANTA CATARINA , 50 SL &#8211; CENTRO &#8211; LONDRINA silcsb@gmail.com \u00a0\" \/>\n<meta property=\"og:url\" content=\"https:\/\/propulsaodental.com.br\/site\/onde-encontrar\/londrina\/\" \/>\n<meta property=\"og:site_name\" content=\"Propuls\u00e3o Dental\" \/>\n<meta property=\"article:publisher\" content=\"https:\/\/www.facebook.com\/propulsaodental\" \/>\n<meta property=\"article:modified_time\" content=\"2025-12-02T19:43:57+00:00\" \/>\n<meta property=\"og:image\" content=\"https:\/\/propulsaodental.com.br\/site\/wp-content\/uploads\/2019\/06\/Goldent.png\" \/>\n\t<meta property=\"og:image:width\" content=\"581\" \/>\n\t<meta property=\"og:image:height\" content=\"302\" \/>\n\t<meta property=\"og:image:type\" content=\"image\/png\" \/>\n<meta name=\"twitter:card\" content=\"summary_large_image\" \/>\n<meta name=\"twitter:label1\" content=\"Est. tempo de leitura\" \/>\n\t<meta name=\"twitter:data1\" content=\"2 minutos\" \/>\n<script type=\"application\/ld+json\" class=\"yoast-schema-graph\">{\"@context\":\"https:\\\/\\\/schema.org\",\"@graph\":[{\"@type\":\"WebPage\",\"@id\":\"https:\\\/\\\/propulsaodental.com.br\\\/site\\\/onde-encontrar\\\/londrina\\\/\",\"url\":\"https:\\\/\\\/propulsaodental.com.br\\\/site\\\/onde-encontrar\\\/londrina\\\/\",\"name\":\"Londrina - Propuls\u00e3o Dental\",\"isPartOf\":{\"@id\":\"https:\\\/\\\/propulsaodental.com.br\\\/site\\\/#website\"},\"primaryImageOfPage\":{\"@id\":\"https:\\\/\\\/propulsaodental.com.br\\\/site\\\/onde-encontrar\\\/londrina\\\/#primaryimage\"},\"image\":{\"@id\":\"https:\\\/\\\/propulsaodental.com.br\\\/site\\\/onde-encontrar\\\/londrina\\\/#primaryimage\"},\"thumbnailUrl\":\"https:\\\/\\\/propulsaodental.com.br\\\/site\\\/wp-content\\\/uploads\\\/2019\\\/06\\\/Goldent.png\",\"datePublished\":\"2019-06-07T18:07:56+00:00\",\"dateModified\":\"2025-12-02T19:43:57+00:00\",\"breadcrumb\":{\"@id\":\"https:\\\/\\\/propulsaodental.com.br\\\/site\\\/onde-encontrar\\\/londrina\\\/#breadcrumb\"},\"inLanguage\":\"pt-BR\",\"potentialAction\":[{\"@type\":\"ReadAction\",\"target\":[\"https:\\\/\\\/propulsaodental.com.br\\\/site\\\/onde-encontrar\\\/londrina\\\/\"]}]},{\"@type\":\"ImageObject\",\"inLanguage\":\"pt-BR\",\"@id\":\"https:\\\/\\\/propulsaodental.com.br\\\/site\\\/onde-encontrar\\\/londrina\\\/#primaryimage\",\"url\":\"https:\\\/\\\/propulsaodental.com.br\\\/site\\\/wp-content\\\/uploads\\\/2019\\\/06\\\/Goldent.png\",\"contentUrl\":\"https:\\\/\\\/propulsaodental.com.br\\\/site\\\/wp-content\\\/uploads\\\/2019\\\/06\\\/Goldent.png\",\"width\":581,\"height\":302,\"caption\":\"GOLDENT\"},{\"@type\":\"BreadcrumbList\",\"@id\":\"https:\\\/\\\/propulsaodental.com.br\\\/site\\\/onde-encontrar\\\/londrina\\\/#breadcrumb\",\"itemListElement\":[{\"@type\":\"ListItem\",\"position\":1,\"name\":\"In\u00edcio\",\"item\":\"https:\\\/\\\/propulsaodental.com.br\\\/site\\\/\"},{\"@type\":\"ListItem\",\"position\":2,\"name\":\"Onde encontrar\",\"item\":\"https:\\\/\\\/propulsaodental.com.br\\\/site\\\/onde-encontrar\\\/\"},{\"@type\":\"ListItem\",\"position\":3,\"name\":\"Londrina\"}]},{\"@type\":\"WebSite\",\"@id\":\"https:\\\/\\\/propulsaodental.com.br\\\/site\\\/#website\",\"url\":\"https:\\\/\\\/propulsaodental.com.br\\\/site\\\/\",\"name\":\"Propuls\u00e3o Dental\",\"description\":\"A Propuls\u00e3o Dental tem como prioridade a seguran\u00e7a aliada a tecnologia e inova\u00e7\u00e3o fazendo assim com que voc\u00ea possa sair daqui sorrindo.\",\"publisher\":{\"@id\":\"https:\\\/\\\/propulsaodental.com.br\\\/site\\\/#organization\"},\"alternateName\":\"Propuls\u00e3o Dental\",\"potentialAction\":[{\"@type\":\"SearchAction\",\"target\":{\"@type\":\"EntryPoint\",\"urlTemplate\":\"https:\\\/\\\/propulsaodental.com.br\\\/site\\\/?s={search_term_string}\"},\"query-input\":{\"@type\":\"PropertyValueSpecification\",\"valueRequired\":true,\"valueName\":\"search_term_string\"}}],\"inLanguage\":\"pt-BR\"},{\"@type\":\"Organization\",\"@id\":\"https:\\\/\\\/propulsaodental.com.br\\\/site\\\/#organization\",\"name\":\"Propuls\u00e3o Dental\",\"alternateName\":\"Propuls\u00e3o Dental - Nosso plano \u00e9 fazer voc\u00ea sorrir\",\"url\":\"https:\\\/\\\/propulsaodental.com.br\\\/site\\\/\",\"logo\":{\"@type\":\"ImageObject\",\"inLanguage\":\"pt-BR\",\"@id\":\"https:\\\/\\\/propulsaodental.com.br\\\/site\\\/#\\\/schema\\\/logo\\\/image\\\/\",\"url\":\"https:\\\/\\\/propulsaodental.com.br\\\/site\\\/wp-content\\\/uploads\\\/2025\\\/11\\\/logopropulsaodental25.webp\",\"contentUrl\":\"https:\\\/\\\/propulsaodental.com.br\\\/site\\\/wp-content\\\/uploads\\\/2025\\\/11\\\/logopropulsaodental25.webp\",\"width\":800,\"height\":800,\"caption\":\"Propuls\u00e3o Dental\"},\"image\":{\"@id\":\"https:\\\/\\\/propulsaodental.com.br\\\/site\\\/#\\\/schema\\\/logo\\\/image\\\/\"},\"sameAs\":[\"https:\\\/\\\/www.facebook.com\\\/propulsaodental\",\"https:\\\/\\\/www.tiktok.com\\\/@propulsaodentaloficial\",\"https:\\\/\\\/www.instagram.com\\\/propulsaodental\"]}]}<\/script>\n<!-- \/ Yoast SEO plugin. -->","yoast_head_json":{"title":"Londrina - Propuls\u00e3o Dental","robots":{"index":"index","follow":"follow","max-snippet":"max-snippet:-1","max-image-preview":"max-image-preview:large","max-video-preview":"max-video-preview:-1"},"canonical":"https:\/\/propulsaodental.com.br\/site\/onde-encontrar\/londrina\/","og_locale":"pt_BR","og_type":"article","og_title":"Londrina - Propuls\u00e3o Dental","og_description":"REDES CREDENCIADAS \/ LONDRINA GOLDENT EXCELENCIA EM ODONTOLOGIA (43) 3020 3605 \/ (43) 9999-18152 AV ROBERTO KOCH, 786 sala 05 &#8211; OPER\u00c1RIA &#8211; LONDRINA goldentodonto@gmail.com Profissionais: Moacir Veras Neto &#8211; Cl\u00ednica Geral, Ortodontia, Pr\u00f3tese, Est\u00e9tica, Disfun\u00e7\u00e3o Temporomandibular, Oclus\u00e3o, Diagn\u00f3stico, Odontopediatria, Periodontia, Cirurgia, Dent\u00edstica, Tratamento De Bruxismo, Ortopedia Funcional Dos Maxilares IMAGENS RADIOLOGIA (43) 3324 7665 \/ (43) 3324 7665 RUA ALAGOAS, 1258 &#8211; ZONA 01 &#8211; LONDRINA imagem_radiologia@hotmail.com \u00a0 RENATO CARLOS DOS SANTOS (43) 3322 6171 \/ (41) 3322 6171 RUA MATO GROSSO , 1048 &#8211; CENTRO &#8211; LONDRINA dr.renatocarlos@hotmail.com \u00a0 SILVANA CONDE SANTOS BORBA (43) 3323 2944 \/ (43) 3323 2944 RUA SANTA CATARINA , 50 SL &#8211; CENTRO &#8211; LONDRINA silcsb@gmail.com \u00a0","og_url":"https:\/\/propulsaodental.com.br\/site\/onde-encontrar\/londrina\/","og_site_name":"Propuls\u00e3o Dental","article_publisher":"https:\/\/www.facebook.com\/propulsaodental","article_modified_time":"2025-12-02T19:43:57+00:00","og_image":[{"width":581,"height":302,"url":"https:\/\/propulsaodental.com.br\/site\/wp-content\/uploads\/2019\/06\/Goldent.png","type":"image\/png"}],"twitter_card":"summary_large_image","twitter_misc":{"Est. tempo de leitura":"2 minutos"},"schema":{"@context":"https:\/\/schema.org","@graph":[{"@type":"WebPage","@id":"https:\/\/propulsaodental.com.br\/site\/onde-encontrar\/londrina\/","url":"https:\/\/propulsaodental.com.br\/site\/onde-encontrar\/londrina\/","name":"Londrina - Propuls\u00e3o Dental","isPartOf":{"@id":"https:\/\/propulsaodental.com.br\/site\/#website"},"primaryImageOfPage":{"@id":"https:\/\/propulsaodental.com.br\/site\/onde-encontrar\/londrina\/#primaryimage"},"image":{"@id":"https:\/\/propulsaodental.com.br\/site\/onde-encontrar\/londrina\/#primaryimage"},"thumbnailUrl":"https:\/\/propulsaodental.com.br\/site\/wp-content\/uploads\/2019\/06\/Goldent.png","datePublished":"2019-06-07T18:07:56+00:00","dateModified":"2025-12-02T19:43:57+00:00","breadcrumb":{"@id":"https:\/\/propulsaodental.com.br\/site\/onde-encontrar\/londrina\/#breadcrumb"},"inLanguage":"pt-BR","potentialAction":[{"@type":"ReadAction","target":["https:\/\/propulsaodental.com.br\/site\/onde-encontrar\/londrina\/"]}]},{"@type":"ImageObject","inLanguage":"pt-BR","@id":"https:\/\/propulsaodental.com.br\/site\/onde-encontrar\/londrina\/#primaryimage","url":"https:\/\/propulsaodental.com.br\/site\/wp-content\/uploads\/2019\/06\/Goldent.png","contentUrl":"https:\/\/propulsaodental.com.br\/site\/wp-content\/uploads\/2019\/06\/Goldent.png","width":581,"height":302,"caption":"GOLDENT"},{"@type":"BreadcrumbList","@id":"https:\/\/propulsaodental.com.br\/site\/onde-encontrar\/londrina\/#breadcrumb","itemListElement":[{"@type":"ListItem","position":1,"name":"In\u00edcio","item":"https:\/\/propulsaodental.com.br\/site\/"},{"@type":"ListItem","position":2,"name":"Onde encontrar","item":"https:\/\/propulsaodental.com.br\/site\/onde-encontrar\/"},{"@type":"ListItem","position":3,"name":"Londrina"}]},{"@type":"WebSite","@id":"https:\/\/propulsaodental.com.br\/site\/#website","url":"https:\/\/propulsaodental.com.br\/site\/","name":"Propuls\u00e3o Dental","description":"A Propuls\u00e3o Dental tem como prioridade a seguran\u00e7a aliada a tecnologia e inova\u00e7\u00e3o fazendo assim com que voc\u00ea possa sair daqui sorrindo.","publisher":{"@id":"https:\/\/propulsaodental.com.br\/site\/#organization"},"alternateName":"Propuls\u00e3o Dental","potentialAction":[{"@type":"SearchAction","target":{"@type":"EntryPoint","urlTemplate":"https:\/\/propulsaodental.com.br\/site\/?s={search_term_string}"},"query-input":{"@type":"PropertyValueSpecification","valueRequired":true,"valueName":"search_term_string"}}],"inLanguage":"pt-BR"},{"@type":"Organization","@id":"https:\/\/propulsaodental.com.br\/site\/#organization","name":"Propuls\u00e3o Dental","alternateName":"Propuls\u00e3o Dental - Nosso plano \u00e9 fazer voc\u00ea sorrir","url":"https:\/\/propulsaodental.com.br\/site\/","logo":{"@type":"ImageObject","inLanguage":"pt-BR","@id":"https:\/\/propulsaodental.com.br\/site\/#\/schema\/logo\/image\/","url":"https:\/\/propulsaodental.com.br\/site\/wp-content\/uploads\/2025\/11\/logopropulsaodental25.webp","contentUrl":"https:\/\/propulsaodental.com.br\/site\/wp-content\/uploads\/2025\/11\/logopropulsaodental25.webp","width":800,"height":800,"caption":"Propuls\u00e3o Dental"},"image":{"@id":"https:\/\/propulsaodental.com.br\/site\/#\/schema\/logo\/image\/"},"sameAs":["https:\/\/www.facebook.com\/propulsaodental","https:\/\/www.tiktok.com\/@propulsaodentaloficial","https:\/\/www.instagram.com\/propulsaodental"]}]}},"_links":{"self":[{"href":"https:\/\/propulsaodental.com.br\/site\/wp-json\/wp\/v2\/pages\/491","targetHints":{"allow":["GET"]}}],"collection":[{"href":"https:\/\/propulsaodental.com.br\/site\/wp-json\/wp\/v2\/pages"}],"about":[{"href":"https:\/\/propulsaodental.com.br\/site\/wp-json\/wp\/v2\/types\/page"}],"author":[{"embeddable":true,"href":"https:\/\/propulsaodental.com.br\/site\/wp-json\/wp\/v2\/users\/1"}],"replies":[{"embeddable":true,"href":"https:\/\/propulsaodental.com.br\/site\/wp-json\/wp\/v2\/comments?post=491"}],"version-history":[{"count":14,"href":"https:\/\/propulsaodental.com.br\/site\/wp-json\/wp\/v2\/pages\/491\/revisions"}],"predecessor-version":[{"id":3483,"href":"https:\/\/propulsaodental.com.br\/site\/wp-json\/wp\/v2\/pages\/491\/revisions\/3483"}],"up":[{"embeddable":true,"href":"https:\/\/propulsaodental.com.br\/site\/wp-json\/wp\/v2\/pages\/375"}],"wp:attachment":[{"href":"https:\/\/propulsaodental.com.br\/site\/wp-json\/wp\/v2\/media?parent=491"}],"curies":[{"name":"wp","href":"https:\/\/api.w.org\/{rel}","templated":true}]}}