{"id":464,"date":"2019-06-07T14:48:33","date_gmt":"2019-06-07T17:48:33","guid":{"rendered":"http:\/\/propulsaodental.com.br\/site\/?page_id=464"},"modified":"2025-12-02T16:45:22","modified_gmt":"2025-12-02T19:45:22","slug":"cianorte","status":"publish","type":"page","link":"https:\/\/propulsaodental.com.br\/site\/onde-encontrar\/cianorte\/","title":{"rendered":"Cianorte"},"content":{"rendered":"\t\t<div data-elementor-type=\"wp-page\" data-elementor-id=\"464\" class=\"elementor elementor-464\">\n\t\t\t\t\t\t<section class=\"elementor-section elementor-top-section elementor-element elementor-element-c9e1263 elementor-section-boxed elementor-section-height-default elementor-section-height-default wpr-particle-no wpr-jarallax-no wpr-parallax-no wpr-sticky-section-no\" data-id=\"c9e1263\" data-element_type=\"section\" data-e-type=\"section\">\n\t\t\t\t\t\t<div class=\"elementor-container elementor-column-gap-default\">\n\t\t\t\t\t<div class=\"elementor-column elementor-col-25 elementor-top-column elementor-element elementor-element-cc346f8\" data-id=\"cc346f8\" data-element_type=\"column\" data-e-type=\"column\">\n\t\t\t<div class=\"elementor-widget-wrap\">\n\t\t\t\t\t\t\t<\/div>\n\t\t<\/div>\n\t\t\t\t<div class=\"elementor-column elementor-col-50 elementor-top-column elementor-element elementor-element-7afca22\" data-id=\"7afca22\" data-element_type=\"column\" data-e-type=\"column\">\n\t\t\t<div class=\"elementor-widget-wrap elementor-element-populated\">\n\t\t\t\t\t\t<div class=\"elementor-element elementor-element-38195700 elementor-widget elementor-widget-heading\" data-id=\"38195700\" data-element_type=\"widget\" data-e-type=\"widget\" data-widget_type=\"heading.default\">\n\t\t\t\t\t<h2 class=\"elementor-heading-title elementor-size-default\">REDES CREDENCIADAS \/ CIANORTE<\/h2>\t\t\t\t<\/div>\n\t\t\t\t<div class=\"elementor-element elementor-element-4fe342cb elementor-widget elementor-widget-text-editor\" data-id=\"4fe342cb\" data-element_type=\"widget\" data-e-type=\"widget\" data-widget_type=\"text-editor.default\">\n\t\t\t\t\t\t\t\t\t<p><img fetchpriority=\"high\" decoding=\"async\" class=\"wp-image-326 size-full aligncenter\" src=\"https:\/\/propulsaodental.com.br\/site\/wp-content\/uploads\/2019\/06\/propulsa\u0303ocianorte1.png\" alt=\"\" width=\"510\" height=\"320\" srcset=\"https:\/\/propulsaodental.com.br\/site\/wp-content\/uploads\/2019\/06\/propulsa\u0303ocianorte1.png 510w, https:\/\/propulsaodental.com.br\/site\/wp-content\/uploads\/2019\/06\/propulsa\u0303ocianorte1-300x188.png 300w, https:\/\/propulsaodental.com.br\/site\/wp-content\/uploads\/2019\/06\/propulsa\u0303ocianorte1-400x250.png 400w\" sizes=\"(max-width: 510px) 100vw, 510px\" \/><\/p><p><span style=\"color: #ff0000;\">PROPULSAO DENTAL &#8211; Dra Tatiane Marliza Orto<\/span><\/p><h5>(44) 3401 177 \/ (44) 3401 177<\/h5><p>RUA CRISTOVAO COLOMBO , 405 &#8211; CENTRO &#8211; CIANORTE<\/p><h6>contato@propulsaodental.com.br<\/h6><p>Profissionais:<\/p><p>Tatiane Marliza Mariano Da Silva &#8211; Ortodontista<\/p><p><img fetchpriority=\"high\" decoding=\"async\" class=\"wp-image-326 size-full aligncenter\" src=\"https:\/\/propulsaodental.com.br\/site\/wp-content\/uploads\/2019\/06\/propulsa\u0303ocianorte1.png\" alt=\"\" width=\"510\" height=\"320\" srcset=\"https:\/\/propulsaodental.com.br\/site\/wp-content\/uploads\/2019\/06\/propulsa\u0303ocianorte1.png 510w, https:\/\/propulsaodental.com.br\/site\/wp-content\/uploads\/2019\/06\/propulsa\u0303ocianorte1-300x188.png 300w, https:\/\/propulsaodental.com.br\/site\/wp-content\/uploads\/2019\/06\/propulsa\u0303ocianorte1-400x250.png 400w\" sizes=\"(max-width: 510px) 100vw, 510px\" \/><\/p><p><span style=\"color: #ff0000;\">PROPULSAO DENTAL &#8211; Talita Morgueti Tonaki<\/span><\/p><h5>(44) 3401 1777 \/ (44) 3401 1777<\/h5><p>RUA CRISTOVAO COLOMBO , 405 &#8211; CENTRO &#8211; CIANORTE<\/p><h6>contato@propulsaodental.com.br<\/h6><p>Profissionais:<\/p><p>Talita Morgueti Tonaki &#8211; Cl\u00ednico Geral, Odontopediatria, Endodontia<\/p><h4>\u00a0<\/h4><p><img fetchpriority=\"high\" decoding=\"async\" class=\"wp-image-326 size-full aligncenter\" src=\"https:\/\/propulsaodental.com.br\/site\/wp-content\/uploads\/2019\/06\/propulsa\u0303ocianorte1.png\" alt=\"\" width=\"510\" height=\"320\" srcset=\"https:\/\/propulsaodental.com.br\/site\/wp-content\/uploads\/2019\/06\/propulsa\u0303ocianorte1.png 510w, https:\/\/propulsaodental.com.br\/site\/wp-content\/uploads\/2019\/06\/propulsa\u0303ocianorte1-300x188.png 300w, https:\/\/propulsaodental.com.br\/site\/wp-content\/uploads\/2019\/06\/propulsa\u0303ocianorte1-400x250.png 400w\" sizes=\"(max-width: 510px) 100vw, 510px\" \/><\/p><p><span style=\"color: #ff0000;\">PROPULSAO DENTAL &#8211; Unidade Cianorte Dr. Leandro<\/span><\/p><h5>(44) 3401 177 \/ (44) 3401 177<\/h5><p>RUA CRISTOVAO COLOMBO , 430 &#8211; CENTRO &#8211; CIANORTE<\/p><h6>contato@propulsaodental.com.br<\/h6><p>Profissionais:<\/p><p>Leandro Schwingel Junior &#8211; Cl\u00ednico Geral, Odontopediatria, Endodontia<\/p><h4>\u00a0<\/h4><p><img decoding=\"async\" class=\"wp-image-674 size-full aligncenter\" src=\"https:\/\/propulsaodental.com.br\/site\/wp-content\/uploads\/2019\/06\/Pedro_Ernesto.jpg\" alt=\"Pedro ernesto\" width=\"1600\" height=\"900\" srcset=\"https:\/\/propulsaodental.com.br\/site\/wp-content\/uploads\/2019\/06\/Pedro_Ernesto.jpg 1600w, https:\/\/propulsaodental.com.br\/site\/wp-content\/uploads\/2019\/06\/Pedro_Ernesto-300x169.jpg 300w, https:\/\/propulsaodental.com.br\/site\/wp-content\/uploads\/2019\/06\/Pedro_Ernesto-768x432.jpg 768w, https:\/\/propulsaodental.com.br\/site\/wp-content\/uploads\/2019\/06\/Pedro_Ernesto-1024x576.jpg 1024w, https:\/\/propulsaodental.com.br\/site\/wp-content\/uploads\/2019\/06\/Pedro_Ernesto-1080x608.jpg 1080w\" sizes=\"(max-width: 1600px) 100vw, 1600px\" \/><\/p><p><span style=\"color: #ff0000;\">CL\u00cdNICA ODONTOL\u00d3GICA PEDRO ERNESTO<\/span><\/p><h5>(44) 3637-6079 \/ (44) 99933 9030<\/h5><p>RUA HUMAITA , 456 &#8211; CENTRO &#8211; CIANORTE<\/p><h6>iararoberto@hotmail.com<\/h6><p>Profissionais:<\/p><p>Pedro Ernesto Ferreira Roberto &#8211; Cl\u00ednico Geral<\/p><p>Rosangela Iara Roberto &#8211; Cl\u00ednico Geral<\/p><p>Ernesto Roberto Neto &#8211; Cl\u00ednico Geral<\/p><h4>\u00a0<\/h4><p><img decoding=\"async\" class=\"wp-image-675 size-full aligncenter\" src=\"https:\/\/propulsaodental.com.br\/site\/wp-content\/uploads\/2019\/06\/Igor_Diego.jpg\" alt=\"Igor diego cardoso\" width=\"512\" height=\"288\" srcset=\"https:\/\/propulsaodental.com.br\/site\/wp-content\/uploads\/2019\/06\/Igor_Diego.jpg 512w, https:\/\/propulsaodental.com.br\/site\/wp-content\/uploads\/2019\/06\/Igor_Diego-300x169.jpg 300w, https:\/\/propulsaodental.com.br\/site\/wp-content\/uploads\/2019\/06\/Igor_Diego-510x288.jpg 510w\" sizes=\"(max-width: 512px) 100vw, 512px\" \/><\/p><p><span style=\"color: #ff0000;\">IGOR DIEGO CARDOSO<\/span><\/p><h5>(44) 3018 4466 \/ (44) 9846-2488<\/h5><p>RUA IPIRANGA, 652 &#8211; CENTRO &#8211; CIANORTE<\/p><h6>cardosoodonto@outlook.com<\/h6><p>Profissionais:<\/p><p>Igor Diego Cardoso &#8211; Cl\u00ednico Geral, Odontopediatria<\/p><h4>\u00a0<\/h4><p><img loading=\"lazy\" decoding=\"async\" class=\"wp-image-676 size-full aligncenter\" src=\"https:\/\/propulsaodental.com.br\/site\/wp-content\/uploads\/2019\/06\/Imaxe.jpg\" alt=\"IMAXE\" width=\"512\" height=\"288\" srcset=\"https:\/\/propulsaodental.com.br\/site\/wp-content\/uploads\/2019\/06\/Imaxe.jpg 512w, https:\/\/propulsaodental.com.br\/site\/wp-content\/uploads\/2019\/06\/Imaxe-300x169.jpg 300w, https:\/\/propulsaodental.com.br\/site\/wp-content\/uploads\/2019\/06\/Imaxe-510x288.jpg 510w\" sizes=\"(max-width: 512px) 100vw, 512px\" \/><\/p><p><span style=\"color: #ff0000;\">IMAXE RADIOLOGIA<\/span><\/p><h5>(44) 3019 5333 \/ (44) 3019 5333<\/h5><p>RUA CONSTITUI\u00c7\u00c3O, 120 &#8211; ZONA 01 &#8211; CIANORTE<\/p><h6>testajr@hotmail.com<\/h6><p>Profissionais:<\/p><p>Valdecir Testa Junior &#8211; Radiologia e Imaginologia Odontol\u00f3gica<\/p><h4>\u00a0<\/h4><p><img loading=\"lazy\" decoding=\"async\" class=\"wp-image-677 size-full aligncenter\" src=\"https:\/\/propulsaodental.com.br\/site\/wp-content\/uploads\/2019\/06\/Star_Clin2.jpg\" alt=\"Star Clin Cianorte\" width=\"1280\" height=\"1114\" srcset=\"https:\/\/propulsaodental.com.br\/site\/wp-content\/uploads\/2019\/06\/Star_Clin2.jpg 1280w, https:\/\/propulsaodental.com.br\/site\/wp-content\/uploads\/2019\/06\/Star_Clin2-300x261.jpg 300w, https:\/\/propulsaodental.com.br\/site\/wp-content\/uploads\/2019\/06\/Star_Clin2-768x668.jpg 768w, https:\/\/propulsaodental.com.br\/site\/wp-content\/uploads\/2019\/06\/Star_Clin2-1024x891.jpg 1024w, https:\/\/propulsaodental.com.br\/site\/wp-content\/uploads\/2019\/06\/Star_Clin2-1080x940.jpg 1080w\" sizes=\"(max-width: 1280px) 100vw, 1280px\" \/><\/p><p><span style=\"color: #ff0000;\">STAR CLIN<\/span><\/p><h5>(44) 3629-3333 \/ (44) 3629-3333<\/h5><p>RUA IPIRANGA, 486 &#8211; CENTRO &#8211; CIANORTE<\/p><h6>cianorte@starclinica.com.br<\/h6><p>Profissionais:<\/p><p>Bruno Carrasco Bela &#8211; Cl\u00ednico Geral, Endodontista, Cirurgia, Odontopediatria<\/p><h4>\u00a0<\/h4><p><img loading=\"lazy\" decoding=\"async\" class=\"wp-image-678 size-full aligncenter\" src=\"https:\/\/propulsaodental.com.br\/site\/wp-content\/uploads\/2019\/06\/Tatiane_Marliza.jpg\" alt=\"Tatiane marliza\" width=\"512\" height=\"288\" srcset=\"https:\/\/propulsaodental.com.br\/site\/wp-content\/uploads\/2019\/06\/Tatiane_Marliza.jpg 512w, https:\/\/propulsaodental.com.br\/site\/wp-content\/uploads\/2019\/06\/Tatiane_Marliza-300x169.jpg 300w, https:\/\/propulsaodental.com.br\/site\/wp-content\/uploads\/2019\/06\/Tatiane_Marliza-510x288.jpg 510w\" sizes=\"(max-width: 512px) 100vw, 512px\" \/><\/p><p><span style=\"color: #ff0000;\">TATIANE MARLIZA MARIANO DA SILVA<\/span><\/p><h5>(44) 3019 1900 \/ (44) 3019 1900<\/h5><p>RUA IPIRANGA , 322 &#8211; CENTRO &#8211; CIANORTE<\/p><h6>tatianemarliza@gmail.com<\/h6><p>Profissionais:<\/p><p>Tatiane Marliza Mariano Da Silva &#8211; Cl\u00ednico Geral, Odontopediatria, Periodontia<\/p>\t\t\t\t\t\t\t\t<\/div>\n\t\t\t\t\t<\/div>\n\t\t<\/div>\n\t\t\t\t<div class=\"elementor-column elementor-col-25 elementor-top-column elementor-element elementor-element-b92cf7b\" data-id=\"b92cf7b\" data-element_type=\"column\" data-e-type=\"column\">\n\t\t\t<div class=\"elementor-widget-wrap\">\n\t\t\t\t\t\t\t<\/div>\n\t\t<\/div>\n\t\t\t\t\t<\/div>\n\t\t<\/section>\n\t\t\t\t<\/div>\n\t\t","protected":false},"excerpt":{"rendered":"<p>REDES CREDENCIADAS \/ CIANORTE PROPULSAO DENTAL &#8211; Dra Tatiane Marliza Orto (44) 3401 177 \/ (44) 3401 177 RUA CRISTOVAO COLOMBO , 405 &#8211; CENTRO &#8211; CIANORTE contato@propulsaodental.com.br Profissionais: Tatiane Marliza Mariano Da Silva &#8211; Ortodontista PROPULSAO DENTAL &#8211; Talita Morgueti Tonaki (44) 3401 1777 \/ (44) 3401 1777 RUA CRISTOVAO COLOMBO , 405 &#8211; CENTRO &#8211; CIANORTE contato@propulsaodental.com.br Profissionais: Talita Morgueti Tonaki &#8211; Cl\u00ednico Geral, Odontopediatria, Endodontia \u00a0 PROPULSAO DENTAL &#8211; Unidade Cianorte Dr. Leandro (44) 3401 177 \/ (44) 3401 177 RUA CRISTOVAO COLOMBO , 430 &#8211; CENTRO &#8211; CIANORTE contato@propulsaodental.com.br Profissionais: Leandro Schwingel Junior &#8211; Cl\u00ednico Geral, Odontopediatria, Endodontia \u00a0 CL\u00cdNICA ODONTOL\u00d3GICA PEDRO ERNESTO (44) 3637-6079 \/ (44) 99933 9030 RUA HUMAITA , 456 &#8211; CENTRO &#8211; CIANORTE iararoberto@hotmail.com Profissionais: Pedro Ernesto Ferreira Roberto &#8211; Cl\u00ednico Geral Rosangela Iara Roberto &#8211; Cl\u00ednico Geral Ernesto Roberto Neto &#8211; Cl\u00ednico Geral \u00a0 IGOR DIEGO CARDOSO (44) 3018 4466 \/ (44) 9846-2488 RUA IPIRANGA, 652 &#8211; CENTRO &#8211; CIANORTE cardosoodonto@outlook.com Profissionais: Igor Diego Cardoso &#8211; Cl\u00ednico Geral, Odontopediatria \u00a0 IMAXE RADIOLOGIA (44) 3019 5333 \/ (44) 3019 5333 RUA CONSTITUI\u00c7\u00c3O, 120 &#8211; ZONA 01 &#8211; CIANORTE testajr@hotmail.com Profissionais: Valdecir Testa Junior &#8211; Radiologia e Imaginologia Odontol\u00f3gica \u00a0 STAR CLIN (44) 3629-3333 \/ (44) 3629-3333 RUA IPIRANGA, 486 &#8211; CENTRO &#8211; CIANORTE cianorte@starclinica.com.br Profissionais: Bruno Carrasco Bela &#8211; Cl\u00ednico Geral, Endodontista, Cirurgia, Odontopediatria \u00a0 TATIANE MARLIZA MARIANO DA SILVA (44) 3019 1900 \/ (44) 3019 1900 RUA IPIRANGA , 322 &#8211; CENTRO &#8211; CIANORTE tatianemarliza@gmail.com Profissionais: Tatiane Marliza Mariano Da Silva &#8211; Cl\u00ednico Geral, Odontopediatria, Periodontia<\/p>\n","protected":false},"author":1,"featured_media":0,"parent":375,"menu_order":0,"comment_status":"closed","ping_status":"closed","template":"","meta":{"_acf_changed":false,"footnotes":""},"class_list":["post-464","page","type-page","status-publish","hentry"],"acf":[],"yoast_head":"<!-- This site is optimized with the Yoast SEO plugin v27.3 - https:\/\/yoast.com\/product\/yoast-seo-wordpress\/ -->\n<title>Cianorte - Propuls\u00e3o Dental<\/title>\n<meta name=\"robots\" content=\"index, follow, max-snippet:-1, max-image-preview:large, max-video-preview:-1\" \/>\n<link rel=\"canonical\" href=\"https:\/\/propulsaodental.com.br\/site\/onde-encontrar\/cianorte\/\" \/>\n<meta property=\"og:locale\" content=\"pt_BR\" \/>\n<meta property=\"og:type\" content=\"article\" \/>\n<meta property=\"og:title\" content=\"Cianorte - Propuls\u00e3o Dental\" \/>\n<meta property=\"og:description\" content=\"REDES CREDENCIADAS \/ CIANORTE PROPULSAO DENTAL &#8211; Dra Tatiane Marliza Orto (44) 3401 177 \/ (44) 3401 177 RUA CRISTOVAO COLOMBO , 405 &#8211; CENTRO &#8211; CIANORTE contato@propulsaodental.com.br Profissionais: Tatiane Marliza Mariano Da Silva &#8211; Ortodontista PROPULSAO DENTAL &#8211; Talita Morgueti Tonaki (44) 3401 1777 \/ (44) 3401 1777 RUA CRISTOVAO COLOMBO , 405 &#8211; CENTRO &#8211; CIANORTE contato@propulsaodental.com.br Profissionais: Talita Morgueti Tonaki &#8211; Cl\u00ednico Geral, Odontopediatria, Endodontia \u00a0 PROPULSAO DENTAL &#8211; Unidade Cianorte Dr. Leandro (44) 3401 177 \/ (44) 3401 177 RUA CRISTOVAO COLOMBO , 430 &#8211; CENTRO &#8211; CIANORTE contato@propulsaodental.com.br Profissionais: Leandro Schwingel Junior &#8211; Cl\u00ednico Geral, Odontopediatria, Endodontia \u00a0 CL\u00cdNICA ODONTOL\u00d3GICA PEDRO ERNESTO (44) 3637-6079 \/ (44) 99933 9030 RUA HUMAITA , 456 &#8211; CENTRO &#8211; CIANORTE iararoberto@hotmail.com Profissionais: Pedro Ernesto Ferreira Roberto &#8211; Cl\u00ednico Geral Rosangela Iara Roberto &#8211; Cl\u00ednico Geral Ernesto Roberto Neto &#8211; Cl\u00ednico Geral \u00a0 IGOR DIEGO CARDOSO (44) 3018 4466 \/ (44) 9846-2488 RUA IPIRANGA, 652 &#8211; CENTRO &#8211; CIANORTE cardosoodonto@outlook.com Profissionais: Igor Diego Cardoso &#8211; Cl\u00ednico Geral, Odontopediatria \u00a0 IMAXE RADIOLOGIA (44) 3019 5333 \/ (44) 3019 5333 RUA CONSTITUI\u00c7\u00c3O, 120 &#8211; ZONA 01 &#8211; CIANORTE testajr@hotmail.com Profissionais: Valdecir Testa Junior &#8211; Radiologia e Imaginologia Odontol\u00f3gica \u00a0 STAR CLIN (44) 3629-3333 \/ (44) 3629-3333 RUA IPIRANGA, 486 &#8211; CENTRO &#8211; CIANORTE cianorte@starclinica.com.br Profissionais: Bruno Carrasco Bela &#8211; Cl\u00ednico Geral, Endodontista, Cirurgia, Odontopediatria \u00a0 TATIANE MARLIZA MARIANO DA SILVA (44) 3019 1900 \/ (44) 3019 1900 RUA IPIRANGA , 322 &#8211; CENTRO &#8211; CIANORTE tatianemarliza@gmail.com Profissionais: Tatiane Marliza Mariano Da Silva &#8211; Cl\u00ednico Geral, Odontopediatria, Periodontia\" \/>\n<meta property=\"og:url\" content=\"https:\/\/propulsaodental.com.br\/site\/onde-encontrar\/cianorte\/\" \/>\n<meta property=\"og:site_name\" content=\"Propuls\u00e3o Dental\" \/>\n<meta property=\"article:publisher\" content=\"https:\/\/www.facebook.com\/propulsaodental\" \/>\n<meta property=\"article:modified_time\" content=\"2025-12-02T19:45:22+00:00\" \/>\n<meta property=\"og:image\" content=\"https:\/\/propulsaodental.com.br\/site\/wp-content\/uploads\/2019\/06\/Pedro_Ernesto.jpg\" \/>\n<meta name=\"twitter:card\" content=\"summary_large_image\" \/>\n<meta name=\"twitter:label1\" content=\"Est. tempo de leitura\" \/>\n\t<meta name=\"twitter:data1\" content=\"3 minutos\" \/>\n<script type=\"application\/ld+json\" class=\"yoast-schema-graph\">{\"@context\":\"https:\\\/\\\/schema.org\",\"@graph\":[{\"@type\":\"WebPage\",\"@id\":\"https:\\\/\\\/propulsaodental.com.br\\\/site\\\/onde-encontrar\\\/cianorte\\\/\",\"url\":\"https:\\\/\\\/propulsaodental.com.br\\\/site\\\/onde-encontrar\\\/cianorte\\\/\",\"name\":\"Cianorte - Propuls\u00e3o Dental\",\"isPartOf\":{\"@id\":\"https:\\\/\\\/propulsaodental.com.br\\\/site\\\/#website\"},\"primaryImageOfPage\":{\"@id\":\"https:\\\/\\\/propulsaodental.com.br\\\/site\\\/onde-encontrar\\\/cianorte\\\/#primaryimage\"},\"image\":{\"@id\":\"https:\\\/\\\/propulsaodental.com.br\\\/site\\\/onde-encontrar\\\/cianorte\\\/#primaryimage\"},\"thumbnailUrl\":\"https:\\\/\\\/propulsaodental.com.br\\\/site\\\/wp-content\\\/uploads\\\/2019\\\/06\\\/Pedro_Ernesto.jpg\",\"datePublished\":\"2019-06-07T17:48:33+00:00\",\"dateModified\":\"2025-12-02T19:45:22+00:00\",\"breadcrumb\":{\"@id\":\"https:\\\/\\\/propulsaodental.com.br\\\/site\\\/onde-encontrar\\\/cianorte\\\/#breadcrumb\"},\"inLanguage\":\"pt-BR\",\"potentialAction\":[{\"@type\":\"ReadAction\",\"target\":[\"https:\\\/\\\/propulsaodental.com.br\\\/site\\\/onde-encontrar\\\/cianorte\\\/\"]}]},{\"@type\":\"ImageObject\",\"inLanguage\":\"pt-BR\",\"@id\":\"https:\\\/\\\/propulsaodental.com.br\\\/site\\\/onde-encontrar\\\/cianorte\\\/#primaryimage\",\"url\":\"https:\\\/\\\/propulsaodental.com.br\\\/site\\\/wp-content\\\/uploads\\\/2019\\\/06\\\/Pedro_Ernesto.jpg\",\"contentUrl\":\"https:\\\/\\\/propulsaodental.com.br\\\/site\\\/wp-content\\\/uploads\\\/2019\\\/06\\\/Pedro_Ernesto.jpg\",\"width\":1600,\"height\":900,\"caption\":\"Pedro ernesto\"},{\"@type\":\"BreadcrumbList\",\"@id\":\"https:\\\/\\\/propulsaodental.com.br\\\/site\\\/onde-encontrar\\\/cianorte\\\/#breadcrumb\",\"itemListElement\":[{\"@type\":\"ListItem\",\"position\":1,\"name\":\"In\u00edcio\",\"item\":\"https:\\\/\\\/propulsaodental.com.br\\\/site\\\/\"},{\"@type\":\"ListItem\",\"position\":2,\"name\":\"Onde encontrar\",\"item\":\"https:\\\/\\\/propulsaodental.com.br\\\/site\\\/onde-encontrar\\\/\"},{\"@type\":\"ListItem\",\"position\":3,\"name\":\"Cianorte\"}]},{\"@type\":\"WebSite\",\"@id\":\"https:\\\/\\\/propulsaodental.com.br\\\/site\\\/#website\",\"url\":\"https:\\\/\\\/propulsaodental.com.br\\\/site\\\/\",\"name\":\"Propuls\u00e3o Dental\",\"description\":\"A Propuls\u00e3o Dental tem como prioridade a seguran\u00e7a aliada a tecnologia e inova\u00e7\u00e3o fazendo assim com que voc\u00ea possa sair daqui sorrindo.\",\"publisher\":{\"@id\":\"https:\\\/\\\/propulsaodental.com.br\\\/site\\\/#organization\"},\"alternateName\":\"Propuls\u00e3o Dental\",\"potentialAction\":[{\"@type\":\"SearchAction\",\"target\":{\"@type\":\"EntryPoint\",\"urlTemplate\":\"https:\\\/\\\/propulsaodental.com.br\\\/site\\\/?s={search_term_string}\"},\"query-input\":{\"@type\":\"PropertyValueSpecification\",\"valueRequired\":true,\"valueName\":\"search_term_string\"}}],\"inLanguage\":\"pt-BR\"},{\"@type\":\"Organization\",\"@id\":\"https:\\\/\\\/propulsaodental.com.br\\\/site\\\/#organization\",\"name\":\"Propuls\u00e3o Dental\",\"alternateName\":\"Propuls\u00e3o Dental - Nosso plano \u00e9 fazer voc\u00ea sorrir\",\"url\":\"https:\\\/\\\/propulsaodental.com.br\\\/site\\\/\",\"logo\":{\"@type\":\"ImageObject\",\"inLanguage\":\"pt-BR\",\"@id\":\"https:\\\/\\\/propulsaodental.com.br\\\/site\\\/#\\\/schema\\\/logo\\\/image\\\/\",\"url\":\"https:\\\/\\\/propulsaodental.com.br\\\/site\\\/wp-content\\\/uploads\\\/2025\\\/11\\\/logopropulsaodental25.webp\",\"contentUrl\":\"https:\\\/\\\/propulsaodental.com.br\\\/site\\\/wp-content\\\/uploads\\\/2025\\\/11\\\/logopropulsaodental25.webp\",\"width\":800,\"height\":800,\"caption\":\"Propuls\u00e3o Dental\"},\"image\":{\"@id\":\"https:\\\/\\\/propulsaodental.com.br\\\/site\\\/#\\\/schema\\\/logo\\\/image\\\/\"},\"sameAs\":[\"https:\\\/\\\/www.facebook.com\\\/propulsaodental\",\"https:\\\/\\\/www.tiktok.com\\\/@propulsaodentaloficial\",\"https:\\\/\\\/www.instagram.com\\\/propulsaodental\"]}]}<\/script>\n<!-- \/ Yoast SEO plugin. -->","yoast_head_json":{"title":"Cianorte - Propuls\u00e3o Dental","robots":{"index":"index","follow":"follow","max-snippet":"max-snippet:-1","max-image-preview":"max-image-preview:large","max-video-preview":"max-video-preview:-1"},"canonical":"https:\/\/propulsaodental.com.br\/site\/onde-encontrar\/cianorte\/","og_locale":"pt_BR","og_type":"article","og_title":"Cianorte - Propuls\u00e3o Dental","og_description":"REDES CREDENCIADAS \/ CIANORTE PROPULSAO DENTAL &#8211; Dra Tatiane Marliza Orto (44) 3401 177 \/ (44) 3401 177 RUA CRISTOVAO COLOMBO , 405 &#8211; CENTRO &#8211; CIANORTE contato@propulsaodental.com.br Profissionais: Tatiane Marliza Mariano Da Silva &#8211; Ortodontista PROPULSAO DENTAL &#8211; Talita Morgueti Tonaki (44) 3401 1777 \/ (44) 3401 1777 RUA CRISTOVAO COLOMBO , 405 &#8211; CENTRO &#8211; CIANORTE contato@propulsaodental.com.br Profissionais: Talita Morgueti Tonaki &#8211; Cl\u00ednico Geral, Odontopediatria, Endodontia \u00a0 PROPULSAO DENTAL &#8211; Unidade Cianorte Dr. Leandro (44) 3401 177 \/ (44) 3401 177 RUA CRISTOVAO COLOMBO , 430 &#8211; CENTRO &#8211; CIANORTE contato@propulsaodental.com.br Profissionais: Leandro Schwingel Junior &#8211; Cl\u00ednico Geral, Odontopediatria, Endodontia \u00a0 CL\u00cdNICA ODONTOL\u00d3GICA PEDRO ERNESTO (44) 3637-6079 \/ (44) 99933 9030 RUA HUMAITA , 456 &#8211; CENTRO &#8211; CIANORTE iararoberto@hotmail.com Profissionais: Pedro Ernesto Ferreira Roberto &#8211; Cl\u00ednico Geral Rosangela Iara Roberto &#8211; Cl\u00ednico Geral Ernesto Roberto Neto &#8211; Cl\u00ednico Geral \u00a0 IGOR DIEGO CARDOSO (44) 3018 4466 \/ (44) 9846-2488 RUA IPIRANGA, 652 &#8211; CENTRO &#8211; CIANORTE cardosoodonto@outlook.com Profissionais: Igor Diego Cardoso &#8211; Cl\u00ednico Geral, Odontopediatria \u00a0 IMAXE RADIOLOGIA (44) 3019 5333 \/ (44) 3019 5333 RUA CONSTITUI\u00c7\u00c3O, 120 &#8211; ZONA 01 &#8211; CIANORTE testajr@hotmail.com Profissionais: Valdecir Testa Junior &#8211; Radiologia e Imaginologia Odontol\u00f3gica \u00a0 STAR CLIN (44) 3629-3333 \/ (44) 3629-3333 RUA IPIRANGA, 486 &#8211; CENTRO &#8211; CIANORTE cianorte@starclinica.com.br Profissionais: Bruno Carrasco Bela &#8211; Cl\u00ednico Geral, Endodontista, Cirurgia, Odontopediatria \u00a0 TATIANE MARLIZA MARIANO DA SILVA (44) 3019 1900 \/ (44) 3019 1900 RUA IPIRANGA , 322 &#8211; CENTRO &#8211; CIANORTE tatianemarliza@gmail.com Profissionais: Tatiane Marliza Mariano Da Silva &#8211; Cl\u00ednico Geral, Odontopediatria, Periodontia","og_url":"https:\/\/propulsaodental.com.br\/site\/onde-encontrar\/cianorte\/","og_site_name":"Propuls\u00e3o Dental","article_publisher":"https:\/\/www.facebook.com\/propulsaodental","article_modified_time":"2025-12-02T19:45:22+00:00","og_image":[{"url":"https:\/\/propulsaodental.com.br\/site\/wp-content\/uploads\/2019\/06\/Pedro_Ernesto.jpg","type":"","width":"","height":""}],"twitter_card":"summary_large_image","twitter_misc":{"Est. tempo de leitura":"3 minutos"},"schema":{"@context":"https:\/\/schema.org","@graph":[{"@type":"WebPage","@id":"https:\/\/propulsaodental.com.br\/site\/onde-encontrar\/cianorte\/","url":"https:\/\/propulsaodental.com.br\/site\/onde-encontrar\/cianorte\/","name":"Cianorte - Propuls\u00e3o Dental","isPartOf":{"@id":"https:\/\/propulsaodental.com.br\/site\/#website"},"primaryImageOfPage":{"@id":"https:\/\/propulsaodental.com.br\/site\/onde-encontrar\/cianorte\/#primaryimage"},"image":{"@id":"https:\/\/propulsaodental.com.br\/site\/onde-encontrar\/cianorte\/#primaryimage"},"thumbnailUrl":"https:\/\/propulsaodental.com.br\/site\/wp-content\/uploads\/2019\/06\/Pedro_Ernesto.jpg","datePublished":"2019-06-07T17:48:33+00:00","dateModified":"2025-12-02T19:45:22+00:00","breadcrumb":{"@id":"https:\/\/propulsaodental.com.br\/site\/onde-encontrar\/cianorte\/#breadcrumb"},"inLanguage":"pt-BR","potentialAction":[{"@type":"ReadAction","target":["https:\/\/propulsaodental.com.br\/site\/onde-encontrar\/cianorte\/"]}]},{"@type":"ImageObject","inLanguage":"pt-BR","@id":"https:\/\/propulsaodental.com.br\/site\/onde-encontrar\/cianorte\/#primaryimage","url":"https:\/\/propulsaodental.com.br\/site\/wp-content\/uploads\/2019\/06\/Pedro_Ernesto.jpg","contentUrl":"https:\/\/propulsaodental.com.br\/site\/wp-content\/uploads\/2019\/06\/Pedro_Ernesto.jpg","width":1600,"height":900,"caption":"Pedro ernesto"},{"@type":"BreadcrumbList","@id":"https:\/\/propulsaodental.com.br\/site\/onde-encontrar\/cianorte\/#breadcrumb","itemListElement":[{"@type":"ListItem","position":1,"name":"In\u00edcio","item":"https:\/\/propulsaodental.com.br\/site\/"},{"@type":"ListItem","position":2,"name":"Onde encontrar","item":"https:\/\/propulsaodental.com.br\/site\/onde-encontrar\/"},{"@type":"ListItem","position":3,"name":"Cianorte"}]},{"@type":"WebSite","@id":"https:\/\/propulsaodental.com.br\/site\/#website","url":"https:\/\/propulsaodental.com.br\/site\/","name":"Propuls\u00e3o Dental","description":"A Propuls\u00e3o Dental tem como prioridade a seguran\u00e7a aliada a tecnologia e inova\u00e7\u00e3o fazendo assim com que voc\u00ea possa sair daqui sorrindo.","publisher":{"@id":"https:\/\/propulsaodental.com.br\/site\/#organization"},"alternateName":"Propuls\u00e3o Dental","potentialAction":[{"@type":"SearchAction","target":{"@type":"EntryPoint","urlTemplate":"https:\/\/propulsaodental.com.br\/site\/?s={search_term_string}"},"query-input":{"@type":"PropertyValueSpecification","valueRequired":true,"valueName":"search_term_string"}}],"inLanguage":"pt-BR"},{"@type":"Organization","@id":"https:\/\/propulsaodental.com.br\/site\/#organization","name":"Propuls\u00e3o Dental","alternateName":"Propuls\u00e3o Dental - Nosso plano \u00e9 fazer voc\u00ea sorrir","url":"https:\/\/propulsaodental.com.br\/site\/","logo":{"@type":"ImageObject","inLanguage":"pt-BR","@id":"https:\/\/propulsaodental.com.br\/site\/#\/schema\/logo\/image\/","url":"https:\/\/propulsaodental.com.br\/site\/wp-content\/uploads\/2025\/11\/logopropulsaodental25.webp","contentUrl":"https:\/\/propulsaodental.com.br\/site\/wp-content\/uploads\/2025\/11\/logopropulsaodental25.webp","width":800,"height":800,"caption":"Propuls\u00e3o Dental"},"image":{"@id":"https:\/\/propulsaodental.com.br\/site\/#\/schema\/logo\/image\/"},"sameAs":["https:\/\/www.facebook.com\/propulsaodental","https:\/\/www.tiktok.com\/@propulsaodentaloficial","https:\/\/www.instagram.com\/propulsaodental"]}]}},"_links":{"self":[{"href":"https:\/\/propulsaodental.com.br\/site\/wp-json\/wp\/v2\/pages\/464","targetHints":{"allow":["GET"]}}],"collection":[{"href":"https:\/\/propulsaodental.com.br\/site\/wp-json\/wp\/v2\/pages"}],"about":[{"href":"https:\/\/propulsaodental.com.br\/site\/wp-json\/wp\/v2\/types\/page"}],"author":[{"embeddable":true,"href":"https:\/\/propulsaodental.com.br\/site\/wp-json\/wp\/v2\/users\/1"}],"replies":[{"embeddable":true,"href":"https:\/\/propulsaodental.com.br\/site\/wp-json\/wp\/v2\/comments?post=464"}],"version-history":[{"count":20,"href":"https:\/\/propulsaodental.com.br\/site\/wp-json\/wp\/v2\/pages\/464\/revisions"}],"predecessor-version":[{"id":3404,"href":"https:\/\/propulsaodental.com.br\/site\/wp-json\/wp\/v2\/pages\/464\/revisions\/3404"}],"up":[{"embeddable":true,"href":"https:\/\/propulsaodental.com.br\/site\/wp-json\/wp\/v2\/pages\/375"}],"wp:attachment":[{"href":"https:\/\/propulsaodental.com.br\/site\/wp-json\/wp\/v2\/media?parent=464"}],"curies":[{"name":"wp","href":"https:\/\/api.w.org\/{rel}","templated":true}]}}