{"id":435,"date":"2019-06-07T14:31:47","date_gmt":"2019-06-07T17:31:47","guid":{"rendered":"http:\/\/propulsaodental.com.br\/site\/?page_id=435"},"modified":"2025-12-02T15:29:59","modified_gmt":"2025-12-02T18:29:59","slug":"cambe","status":"publish","type":"page","link":"https:\/\/propulsaodental.com.br\/site\/onde-encontrar\/cambe\/","title":{"rendered":"Camb\u00e9"},"content":{"rendered":"\t\t<div data-elementor-type=\"wp-page\" data-elementor-id=\"435\" class=\"elementor elementor-435\">\n\t\t\t\t\t\t<section class=\"elementor-section elementor-top-section elementor-element elementor-element-acded5b elementor-section-boxed elementor-section-height-default elementor-section-height-default wpr-particle-no wpr-jarallax-no wpr-parallax-no wpr-sticky-section-no\" data-id=\"acded5b\" data-element_type=\"section\" data-e-type=\"section\">\n\t\t\t\t\t\t<div class=\"elementor-container elementor-column-gap-default\">\n\t\t\t\t\t<div class=\"elementor-column elementor-col-100 elementor-top-column elementor-element elementor-element-252783e\" data-id=\"252783e\" data-element_type=\"column\" data-e-type=\"column\">\n\t\t\t<div class=\"elementor-widget-wrap elementor-element-populated\">\n\t\t\t\t\t\t<div class=\"elementor-element elementor-element-33e5a24 elementor-widget elementor-widget-heading\" data-id=\"33e5a24\" data-element_type=\"widget\" data-e-type=\"widget\" data-widget_type=\"heading.default\">\n\t\t\t\t\t<h2 class=\"elementor-heading-title elementor-size-default\">REDES CREDENCIADAS \/ CAMB\u00c9<\/h2>\t\t\t\t<\/div>\n\t\t\t\t<div class=\"elementor-element elementor-element-adbdc6d elementor-widget elementor-widget-text-editor\" data-id=\"adbdc6d\" data-element_type=\"widget\" data-e-type=\"widget\" data-widget_type=\"text-editor.default\">\n\t\t\t\t\t\t\t\t\t<h4><span style=\"font-weight: 400; color: #ff0000;\">ANA JESSICA MARCOMINI EVANGELISTA<\/span><\/h4><h5><span style=\"font-weight: 400;\">(43) 3154 3046 \/ (43) 3154 3046<\/span><\/h5><p><span style=\"font-weight: 400;\">AVENIDA BRASILIA , 238 &#8211; JARDIM ALVORADA &#8211; CAMBE<\/span><\/p><h6><span style=\"font-weight: 400;\">anajessica.marcomini@hotmail.com<\/span><\/h6><h4>\u00a0<\/h4><h4><span style=\"font-weight: 400; color: #ff0000;\">THAIS BARBOSA COSTA<\/span><\/h4><h5><span style=\"font-weight: 400;\">(43) 3154 3046 \/ (43) 3154 3056<\/span><\/h5><p><span style=\"font-weight: 400;\">AVENIDA BRASILIA , 238 &#8211; JARDIM ALVORADA &#8211; CAMBE<\/span><\/p><h6><span style=\"font-weight: 400;\">thais@propulsaodental.com.br<\/span><\/h6>\t\t\t\t\t\t\t\t<\/div>\n\t\t\t\t\t<\/div>\n\t\t<\/div>\n\t\t\t\t\t<\/div>\n\t\t<\/section>\n\t\t\t\t<\/div>\n\t\t","protected":false},"excerpt":{"rendered":"<p>REDES CREDENCIADAS \/ CAMB\u00c9 ANA JESSICA MARCOMINI EVANGELISTA (43) 3154 3046 \/ (43) 3154 3046 AVENIDA BRASILIA , 238 &#8211; JARDIM ALVORADA &#8211; CAMBE anajessica.marcomini@hotmail.com \u00a0 THAIS BARBOSA COSTA (43) 3154 3046 \/ (43) 3154 3056 AVENIDA BRASILIA , 238 &#8211; JARDIM ALVORADA &#8211; CAMBE thais@propulsaodental.com.br<\/p>\n","protected":false},"author":1,"featured_media":0,"parent":375,"menu_order":0,"comment_status":"closed","ping_status":"closed","template":"","meta":{"_acf_changed":false,"footnotes":""},"class_list":["post-435","page","type-page","status-publish","hentry"],"acf":[],"yoast_head":"<!-- This site is optimized with the Yoast SEO plugin v27.3 - https:\/\/yoast.com\/product\/yoast-seo-wordpress\/ -->\n<title>Camb\u00e9 - Propuls\u00e3o Dental<\/title>\n<meta name=\"robots\" content=\"index, follow, max-snippet:-1, max-image-preview:large, max-video-preview:-1\" \/>\n<link rel=\"canonical\" href=\"https:\/\/propulsaodental.com.br\/site\/onde-encontrar\/cambe\/\" \/>\n<meta property=\"og:locale\" content=\"pt_BR\" \/>\n<meta property=\"og:type\" content=\"article\" \/>\n<meta property=\"og:title\" content=\"Camb\u00e9 - Propuls\u00e3o Dental\" \/>\n<meta property=\"og:description\" content=\"REDES CREDENCIADAS \/ CAMB\u00c9 ANA JESSICA MARCOMINI EVANGELISTA (43) 3154 3046 \/ (43) 3154 3046 AVENIDA BRASILIA , 238 &#8211; JARDIM ALVORADA &#8211; CAMBE anajessica.marcomini@hotmail.com \u00a0 THAIS BARBOSA COSTA (43) 3154 3046 \/ (43) 3154 3056 AVENIDA BRASILIA , 238 &#8211; JARDIM ALVORADA &#8211; CAMBE thais@propulsaodental.com.br\" \/>\n<meta property=\"og:url\" content=\"https:\/\/propulsaodental.com.br\/site\/onde-encontrar\/cambe\/\" \/>\n<meta property=\"og:site_name\" content=\"Propuls\u00e3o Dental\" \/>\n<meta property=\"article:publisher\" content=\"https:\/\/www.facebook.com\/propulsaodental\" \/>\n<meta property=\"article:modified_time\" content=\"2025-12-02T18:29:59+00:00\" \/>\n<meta property=\"og:image\" content=\"https:\/\/propulsaodental.com.br\/site\/wp-content\/uploads\/2025\/11\/logo-horizontal-webp.webp\" \/>\n\t<meta property=\"og:image:width\" content=\"1536\" \/>\n\t<meta property=\"og:image:height\" content=\"1024\" \/>\n\t<meta property=\"og:image:type\" content=\"image\/webp\" \/>\n<meta name=\"twitter:card\" content=\"summary_large_image\" \/>\n<meta name=\"twitter:label1\" content=\"Est. tempo de leitura\" \/>\n\t<meta name=\"twitter:data1\" content=\"1 minuto\" \/>\n<script type=\"application\/ld+json\" class=\"yoast-schema-graph\">{\"@context\":\"https:\\\/\\\/schema.org\",\"@graph\":[{\"@type\":\"WebPage\",\"@id\":\"https:\\\/\\\/propulsaodental.com.br\\\/site\\\/onde-encontrar\\\/cambe\\\/\",\"url\":\"https:\\\/\\\/propulsaodental.com.br\\\/site\\\/onde-encontrar\\\/cambe\\\/\",\"name\":\"Camb\u00e9 - Propuls\u00e3o Dental\",\"isPartOf\":{\"@id\":\"https:\\\/\\\/propulsaodental.com.br\\\/site\\\/#website\"},\"datePublished\":\"2019-06-07T17:31:47+00:00\",\"dateModified\":\"2025-12-02T18:29:59+00:00\",\"breadcrumb\":{\"@id\":\"https:\\\/\\\/propulsaodental.com.br\\\/site\\\/onde-encontrar\\\/cambe\\\/#breadcrumb\"},\"inLanguage\":\"pt-BR\",\"potentialAction\":[{\"@type\":\"ReadAction\",\"target\":[\"https:\\\/\\\/propulsaodental.com.br\\\/site\\\/onde-encontrar\\\/cambe\\\/\"]}]},{\"@type\":\"BreadcrumbList\",\"@id\":\"https:\\\/\\\/propulsaodental.com.br\\\/site\\\/onde-encontrar\\\/cambe\\\/#breadcrumb\",\"itemListElement\":[{\"@type\":\"ListItem\",\"position\":1,\"name\":\"In\u00edcio\",\"item\":\"https:\\\/\\\/propulsaodental.com.br\\\/site\\\/\"},{\"@type\":\"ListItem\",\"position\":2,\"name\":\"Onde encontrar\",\"item\":\"https:\\\/\\\/propulsaodental.com.br\\\/site\\\/onde-encontrar\\\/\"},{\"@type\":\"ListItem\",\"position\":3,\"name\":\"Camb\u00e9\"}]},{\"@type\":\"WebSite\",\"@id\":\"https:\\\/\\\/propulsaodental.com.br\\\/site\\\/#website\",\"url\":\"https:\\\/\\\/propulsaodental.com.br\\\/site\\\/\",\"name\":\"Propuls\u00e3o Dental\",\"description\":\"A Propuls\u00e3o Dental tem como prioridade a seguran\u00e7a aliada a tecnologia e inova\u00e7\u00e3o fazendo assim com que voc\u00ea possa sair daqui sorrindo.\",\"publisher\":{\"@id\":\"https:\\\/\\\/propulsaodental.com.br\\\/site\\\/#organization\"},\"alternateName\":\"Propuls\u00e3o Dental\",\"potentialAction\":[{\"@type\":\"SearchAction\",\"target\":{\"@type\":\"EntryPoint\",\"urlTemplate\":\"https:\\\/\\\/propulsaodental.com.br\\\/site\\\/?s={search_term_string}\"},\"query-input\":{\"@type\":\"PropertyValueSpecification\",\"valueRequired\":true,\"valueName\":\"search_term_string\"}}],\"inLanguage\":\"pt-BR\"},{\"@type\":\"Organization\",\"@id\":\"https:\\\/\\\/propulsaodental.com.br\\\/site\\\/#organization\",\"name\":\"Propuls\u00e3o Dental\",\"alternateName\":\"Propuls\u00e3o Dental - Nosso plano \u00e9 fazer voc\u00ea sorrir\",\"url\":\"https:\\\/\\\/propulsaodental.com.br\\\/site\\\/\",\"logo\":{\"@type\":\"ImageObject\",\"inLanguage\":\"pt-BR\",\"@id\":\"https:\\\/\\\/propulsaodental.com.br\\\/site\\\/#\\\/schema\\\/logo\\\/image\\\/\",\"url\":\"https:\\\/\\\/propulsaodental.com.br\\\/site\\\/wp-content\\\/uploads\\\/2025\\\/11\\\/logopropulsaodental25.webp\",\"contentUrl\":\"https:\\\/\\\/propulsaodental.com.br\\\/site\\\/wp-content\\\/uploads\\\/2025\\\/11\\\/logopropulsaodental25.webp\",\"width\":800,\"height\":800,\"caption\":\"Propuls\u00e3o Dental\"},\"image\":{\"@id\":\"https:\\\/\\\/propulsaodental.com.br\\\/site\\\/#\\\/schema\\\/logo\\\/image\\\/\"},\"sameAs\":[\"https:\\\/\\\/www.facebook.com\\\/propulsaodental\",\"https:\\\/\\\/www.tiktok.com\\\/@propulsaodentaloficial\",\"https:\\\/\\\/www.instagram.com\\\/propulsaodental\"]}]}<\/script>\n<!-- \/ Yoast SEO plugin. -->","yoast_head_json":{"title":"Camb\u00e9 - Propuls\u00e3o Dental","robots":{"index":"index","follow":"follow","max-snippet":"max-snippet:-1","max-image-preview":"max-image-preview:large","max-video-preview":"max-video-preview:-1"},"canonical":"https:\/\/propulsaodental.com.br\/site\/onde-encontrar\/cambe\/","og_locale":"pt_BR","og_type":"article","og_title":"Camb\u00e9 - Propuls\u00e3o Dental","og_description":"REDES CREDENCIADAS \/ CAMB\u00c9 ANA JESSICA MARCOMINI EVANGELISTA (43) 3154 3046 \/ (43) 3154 3046 AVENIDA BRASILIA , 238 &#8211; JARDIM ALVORADA &#8211; CAMBE anajessica.marcomini@hotmail.com \u00a0 THAIS BARBOSA COSTA (43) 3154 3046 \/ (43) 3154 3056 AVENIDA BRASILIA , 238 &#8211; JARDIM ALVORADA &#8211; CAMBE thais@propulsaodental.com.br","og_url":"https:\/\/propulsaodental.com.br\/site\/onde-encontrar\/cambe\/","og_site_name":"Propuls\u00e3o Dental","article_publisher":"https:\/\/www.facebook.com\/propulsaodental","article_modified_time":"2025-12-02T18:29:59+00:00","og_image":[{"width":1536,"height":1024,"url":"https:\/\/propulsaodental.com.br\/site\/wp-content\/uploads\/2025\/11\/logo-horizontal-webp.webp","type":"image\/webp"}],"twitter_card":"summary_large_image","twitter_misc":{"Est. tempo de leitura":"1 minuto"},"schema":{"@context":"https:\/\/schema.org","@graph":[{"@type":"WebPage","@id":"https:\/\/propulsaodental.com.br\/site\/onde-encontrar\/cambe\/","url":"https:\/\/propulsaodental.com.br\/site\/onde-encontrar\/cambe\/","name":"Camb\u00e9 - Propuls\u00e3o Dental","isPartOf":{"@id":"https:\/\/propulsaodental.com.br\/site\/#website"},"datePublished":"2019-06-07T17:31:47+00:00","dateModified":"2025-12-02T18:29:59+00:00","breadcrumb":{"@id":"https:\/\/propulsaodental.com.br\/site\/onde-encontrar\/cambe\/#breadcrumb"},"inLanguage":"pt-BR","potentialAction":[{"@type":"ReadAction","target":["https:\/\/propulsaodental.com.br\/site\/onde-encontrar\/cambe\/"]}]},{"@type":"BreadcrumbList","@id":"https:\/\/propulsaodental.com.br\/site\/onde-encontrar\/cambe\/#breadcrumb","itemListElement":[{"@type":"ListItem","position":1,"name":"In\u00edcio","item":"https:\/\/propulsaodental.com.br\/site\/"},{"@type":"ListItem","position":2,"name":"Onde encontrar","item":"https:\/\/propulsaodental.com.br\/site\/onde-encontrar\/"},{"@type":"ListItem","position":3,"name":"Camb\u00e9"}]},{"@type":"WebSite","@id":"https:\/\/propulsaodental.com.br\/site\/#website","url":"https:\/\/propulsaodental.com.br\/site\/","name":"Propuls\u00e3o Dental","description":"A Propuls\u00e3o Dental tem como prioridade a seguran\u00e7a aliada a tecnologia e inova\u00e7\u00e3o fazendo assim com que voc\u00ea possa sair daqui sorrindo.","publisher":{"@id":"https:\/\/propulsaodental.com.br\/site\/#organization"},"alternateName":"Propuls\u00e3o Dental","potentialAction":[{"@type":"SearchAction","target":{"@type":"EntryPoint","urlTemplate":"https:\/\/propulsaodental.com.br\/site\/?s={search_term_string}"},"query-input":{"@type":"PropertyValueSpecification","valueRequired":true,"valueName":"search_term_string"}}],"inLanguage":"pt-BR"},{"@type":"Organization","@id":"https:\/\/propulsaodental.com.br\/site\/#organization","name":"Propuls\u00e3o Dental","alternateName":"Propuls\u00e3o Dental - Nosso plano \u00e9 fazer voc\u00ea sorrir","url":"https:\/\/propulsaodental.com.br\/site\/","logo":{"@type":"ImageObject","inLanguage":"pt-BR","@id":"https:\/\/propulsaodental.com.br\/site\/#\/schema\/logo\/image\/","url":"https:\/\/propulsaodental.com.br\/site\/wp-content\/uploads\/2025\/11\/logopropulsaodental25.webp","contentUrl":"https:\/\/propulsaodental.com.br\/site\/wp-content\/uploads\/2025\/11\/logopropulsaodental25.webp","width":800,"height":800,"caption":"Propuls\u00e3o Dental"},"image":{"@id":"https:\/\/propulsaodental.com.br\/site\/#\/schema\/logo\/image\/"},"sameAs":["https:\/\/www.facebook.com\/propulsaodental","https:\/\/www.tiktok.com\/@propulsaodentaloficial","https:\/\/www.instagram.com\/propulsaodental"]}]}},"_links":{"self":[{"href":"https:\/\/propulsaodental.com.br\/site\/wp-json\/wp\/v2\/pages\/435","targetHints":{"allow":["GET"]}}],"collection":[{"href":"https:\/\/propulsaodental.com.br\/site\/wp-json\/wp\/v2\/pages"}],"about":[{"href":"https:\/\/propulsaodental.com.br\/site\/wp-json\/wp\/v2\/types\/page"}],"author":[{"embeddable":true,"href":"https:\/\/propulsaodental.com.br\/site\/wp-json\/wp\/v2\/users\/1"}],"replies":[{"embeddable":true,"href":"https:\/\/propulsaodental.com.br\/site\/wp-json\/wp\/v2\/comments?post=435"}],"version-history":[{"count":25,"href":"https:\/\/propulsaodental.com.br\/site\/wp-json\/wp\/v2\/pages\/435\/revisions"}],"predecessor-version":[{"id":3352,"href":"https:\/\/propulsaodental.com.br\/site\/wp-json\/wp\/v2\/pages\/435\/revisions\/3352"}],"up":[{"embeddable":true,"href":"https:\/\/propulsaodental.com.br\/site\/wp-json\/wp\/v2\/pages\/375"}],"wp:attachment":[{"href":"https:\/\/propulsaodental.com.br\/site\/wp-json\/wp\/v2\/media?parent=435"}],"curies":[{"name":"wp","href":"https:\/\/api.w.org\/{rel}","templated":true}]}}